{"id":53002,"date":"2024-04-02T10:20:04","date_gmt":"2024-04-02T10:20:04","guid":{"rendered":"https:\/\/www.mathezfreight.com\/?page_id=53002"},"modified":"2024-04-02T10:52:48","modified_gmt":"2024-04-02T10:52:48","slug":"cookies","status":"publish","type":"page","link":"https:\/\/www.mathezfreight.com\/fr\/cookies\/","title":{"rendered":"Politique relative aux cookies"},"content":{"rendered":"\t\t<div data-elementor-type=\"wp-post\" data-elementor-id=\"53002\" class=\"elementor elementor-53002\" data-elementor-post-type=\"page\">\n\t\t\t\t\t\t<div class=\"elementor-section elementor-top-section elementor-element elementor-element-0d6564c elementor-section-stretched elementor-section-full_width bg-about elementor-section-height-default elementor-section-height-default default-style elementor-invisible\" data-id=\"0d6564c\" data-element_type=\"section\" data-e-type=\"section\" id=\"mti-page-header\" data-settings=\"{&quot;stretch_section&quot;:&quot;section-stretched&quot;,&quot;animation&quot;:&quot;fadeIn&quot;,&quot;rt_color_sets&quot;:&quot;default-style&quot;}\">\n\t\t\t\t\t\t<div class=\"elementor-container elementor-column-gap-no\">\n\t\t\t\t\t<div class=\"elementor-column elementor-col-100 elementor-top-column elementor-element elementor-element-df05336\" data-id=\"df05336\" data-element_type=\"column\" data-e-type=\"column\">\n\t\t\t<div class=\"elementor-widget-wrap elementor-element-populated\">\n\t\t\t\t\t\t<div class=\"elementor-element elementor-element-f1cafb3 elementor-widget elementor-widget-theme-post-featured-image elementor-widget-image\" data-id=\"f1cafb3\" data-element_type=\"widget\" data-e-type=\"widget\" data-widget_type=\"theme-post-featured-image.default\">\n\t\t\t\t<div class=\"elementor-widget-container\">\n\t\t\t\t\t\t\t\t\t\t\t\t\t\t\t<img decoding=\"async\" width=\"1220\" height=\"406\" src=\"https:\/\/www.mathezfreight.com\/wp-content\/uploads\/photo-mentions-legales-depositphotos-1220x406.jpg\" class=\"attachment-mti-flat-banner size-mti-flat-banner wp-image-24454\" alt=\"Mentions l\u00e9gales\" \/>\t\t\t\t\t\t\t\t\t\t\t\t\t\t\t<\/div>\n\t\t\t\t<\/div>\n\t\t\t\t\t<\/div>\n\t\t<\/div>\n\t\t\t\t\t<\/div>\n\t\t<\/div>\n\t\t\t\t<div class=\"elementor-section elementor-top-section elementor-element elementor-element-de97ee0 excerpt-ontop highlight-about elementor-section-boxed elementor-section-height-default elementor-section-height-default default-style\" data-id=\"de97ee0\" data-element_type=\"section\" data-e-type=\"section\" id=\"mti-page-excerpt\" data-settings=\"{&quot;rt_color_sets&quot;:&quot;default-style&quot;}\">\n\t\t\t\t\t\t<div class=\"elementor-container elementor-column-gap-default\">\n\t\t\t\t\t<div class=\"elementor-column elementor-col-100 elementor-top-column elementor-element elementor-element-e879d18\" data-id=\"e879d18\" data-element_type=\"column\" data-e-type=\"column\">\n\t\t\t<div class=\"elementor-widget-wrap elementor-element-populated\">\n\t\t\t\t\t\t<div class=\"elementor-element elementor-element-072b49f elementor-widget elementor-widget-theme-post-excerpt\" data-id=\"072b49f\" data-element_type=\"widget\" data-e-type=\"widget\" data-widget_type=\"theme-post-excerpt.default\">\n\t\t\t\t<div class=\"elementor-widget-container\">\n\t\t\t\t\tCe site utilise des cookies pour optimiser votre exp\u00e9rience de navigation, et fait appel \u00e0 des services tiers d\u00e9posant \u00e9galement des cookies.\t\t\t\t<\/div>\n\t\t\t\t<\/div>\n\t\t\t\t\t<\/div>\n\t\t<\/div>\n\t\t\t\t\t<\/div>\n\t\t<\/div>\n\t\t\t\t<section class=\"elementor-section elementor-top-section elementor-element elementor-element-66e2d9f elementor-section-boxed elementor-section-height-default elementor-section-height-default default-style\" data-id=\"66e2d9f\" data-element_type=\"section\" data-e-type=\"section\" id=\"mti-legal\" data-settings=\"{&quot;animation&quot;:&quot;none&quot;,&quot;rt_color_sets&quot;:&quot;default-style&quot;}\">\n\t\t\t\t\t\t<div class=\"elementor-container elementor-column-gap-wider\">\n\t\t\t\t\t<div class=\"elementor-column elementor-col-100 elementor-top-column elementor-element elementor-element-4c8e5ed\" data-id=\"4c8e5ed\" data-element_type=\"column\" data-e-type=\"column\">\n\t\t\t<div class=\"elementor-widget-wrap elementor-element-populated\">\n\t\t\t\t\t\t<div class=\"elementor-element elementor-element-c447f91 elementor-widget elementor-widget-text-editor\" data-id=\"c447f91\" data-element_type=\"widget\" data-e-type=\"widget\" data-widget_type=\"text-editor.default\">\n\t\t\t\t<div class=\"elementor-widget-container\">\n\t\t\t\t\t\t\t\t\t<h3>Qu&rsquo;est-ce qu&rsquo;un cookie ?<\/h3><p>Un cookie est un petit texte qui m\u00e9morise une information basique relative \u00e0 votre navigation sur un site. Il est envoy\u00e9 par le serveur et stock\u00e9 sur votre poste pour la dur\u00e9e de votre session, ou au-del\u00e0, pour vous reconna\u00eetre lors d\u2019une prochaine session.<br \/>Pour en savoir plus sur les cookies, voyez <a href=\"http:\/\/www.allaboutcookies.org\/fr\/\" target=\"_blank\" rel=\"noopener\">allaboutcookies.org<\/a> (en fran\u00e7ais).<\/p><h3>Pour ce site utilise-t-il des cookies ?<\/h3><p>Les cookies suivant sont des <b>cookies internes indispensables<\/b>, c\u2019est \u00e0 dire constitutifs de notre site:<\/p><ul><li>Pour vous permettre d\u2019utiliser les <b>fonctions li\u00e9es au CMS WordPress<\/b> &gt; <a href=\"https:\/\/codex.wordpress.org\/WordPress_Cookies\" target=\"_blank\" rel=\"noopener\">cookies WordPress<\/a> .<\/li><li>Pour m\u00e9moriser vos pr\u00e9f\u00e9rences concernant l\u2019affichage de <b>l\u2019alerte cookies <\/b>et l\u2019acceptation des cookies. &gt; <a href=\"https:\/\/www.webtoffee.com\/product\/gdpr-cookie-consent\/\" target=\"_blank\" rel=\"noopener\">GDPR Cookie Consent<\/a><\/li><li>Pour m\u00e9moriser vos pr\u00e9f\u00e9rences de <strong>langues &gt; <\/strong><a href=\"https:\/\/wpml.org\/documentation\/support\/browser-cookies-stored-wpml\/\" target=\"_blank\" rel=\"noopener\">cookie WPML. <\/a><\/li><\/ul><p>Les\u00a0<strong>services tiers<\/strong>\u00a0suivant peuvent solliciter des <strong>cookies de statistiques et de profilage<\/strong>:<\/p><ul><li><strong>Tawk.to<\/strong> pour le bon fonctionnement de la solution de <strong>discussion instantan\u00e9e<\/strong>, propos\u00e9e par Tawk.to Ltd.\u00a0 Tawk.to a une politique de protection des donn\u00e9es claire, qui pr\u00e9cise qu&rsquo;ils ne sont pas impliqu\u00e9s dans des processus de collection, analyse ou marketing de donn\u00e9es.<br \/>&gt; Politique de protection des donn\u00e9es <a href=\"https:\/\/www.tawk.to\/data-protection\/\" target=\"_blank\" rel=\"noopener\">tawk.to<\/a>.<\/li><li><strong>Google<\/strong> pour la visualisation des cartes <strong>Google Maps<\/strong>.<\/li><li><strong>Google Tag Manager<\/strong> pour la mesure d\u2019audience via <b>Google Analytics<\/b><br \/>&gt; Voir les <a href=\"https:\/\/www.google.com\/policies\/technologies\/cookies\/\" target=\"_blank\" rel=\"noopener\">cookies Google<\/a>\u00a0et le\u00a0<a href=\"https:\/\/www.google.com\/analytics\/learn\/privacy.html\" target=\"_blank\" rel=\"noopener\">respect de la vie priv\u00e9e<\/a>\u00a0par Google.<\/li><\/ul><p>Si vous cliquez, depuis notre site, sur les <strong>outils de partage des m\u00e9dias sociaux<\/strong>, vous quittez notre site et ouvrez les fen\u00eatres de partage correspondant: les cookies d\u00e9pos\u00e9s et le traitement de vos donn\u00e9es rel\u00e8ve alors des politiques\u00a0<a style=\"background-color: #ffffff;\" href=\"https:\/\/www.facebook.com\/privacy\/explanation\" target=\"_blank\" rel=\"noopener\">Facebook<\/a>,<a style=\"background-color: #ffffff;\" href=\"https:\/\/help.twitter.com\/fr\/rules-and-policies\/data-processing-legal-bases\" target=\"_blank\" rel=\"noopener\">Twitter\u00a0<\/a>et\u00a0<a style=\"background-color: #ffffff;\" href=\"https:\/\/www.linkedin.com\/legal\/privacy-policy?_l=fr_FR\" target=\"_blank\" rel=\"noopener\">LinkedIn <\/a>correspondantes.<\/p><h3>Comment sont pos\u00e9s les cookies ?<\/h3><p>Les <strong>cookies internes<\/strong> sont pos\u00e9s automatiquement lors de votre acc\u00e8s au site.<\/p><p>Lors de votre premier acc\u00e8s sur le site, nous vous demandons si vous acceptez les <b>cookies tiers<\/b>. Vous pouvez les refuser, et la page se rechargera pour vous permettre de poursuivre une navigation sans cookie statistique ou de profilage.<br \/>Nous vous conseillons de les accepter, car sinon certaines fonctionnalit\u00e9s ne seront pas disponibles (maps, etc) .<\/p><p>A noter: la poursuite de votre navigation sur le site sans refus sera trait\u00e9e comme <strong>acceptation implicite<\/strong>.<\/p><p>Vos pr\u00e9f\u00e9rences d\u2019acceptation sont m\u00e9moris\u00e9es pour une p\u00e9riode de <strong>90 jours<\/strong>.<\/p><p>Pour revenir sur vos pr\u00e9f\u00e9rences cookies:<\/p><center><a class=\"cky-banner-element\">Cookie Settings<\/a><\/center><h3>Quels sont les cookies pos\u00e9s par MATHEZ FREIGHT ?<\/h3><div class=\"cky-audit-table-element\">\u00a0<\/div><h3>Et si vous ne voulez aucun cookie ?\u00a0<\/h3><div><p>A tout moment, vous pouvez supprimer les cookies de votre poste \u00e0 posteriori. Vous pouvez \u00e9galement refuser les cookies \u00e0 priori.<br \/>Si vous ne souhaitez enregistrer aucun cookie sur votre poste lors de votre navigation sur notre site, vous devez l\u2019interdire via le <strong>param\u00e9trage de votre navigateur<\/strong>. Reportez-vous au mode d\u2019emploi (<a href=\"http:\/\/windows.microsoft.com\/fr-fr\/internet-explorer\/delete-manage-cookies#ie=ie-11\" target=\"_blank\" rel=\"noopener\">Internet Explorer<\/a>,\u00a0<a href=\"https:\/\/support.google.com\/chrome\/answer\/95647?co=GENIE.Platform%3DDesktop&amp;hl=fr\" target=\"_blank\" rel=\"noopener\">Chrome<\/a>,\u00a0<a href=\"https:\/\/support.mozilla.org\/fr\/products\/firefox\/protect-your-privacy\" target=\"_blank\" rel=\"noopener\">Firefox<\/a>,\u00a0<a href=\"http:\/\/help.opera.com\/Windows\/10.20\/fr\/cookies.html\" target=\"_blank\" rel=\"noopener\">Opera\u00a0<\/a>ou autre).<\/p><\/div>\t\t\t\t\t\t\t\t<\/div>\n\t\t\t\t<\/div>\n\t\t\t\t\t<\/div>\n\t\t<\/div>\n\t\t\t\t\t<\/div>\n\t\t<\/section>\n\t\t\t\t<nav class=\"elementor-section elementor-top-section elementor-element elementor-element-4c6a9f7 mti-navigation-pages elementor-section-boxed elementor-section-height-default elementor-section-height-default default-style\" data-id=\"4c6a9f7\" data-element_type=\"section\" data-e-type=\"section\" data-settings=\"{&quot;rt_color_sets&quot;:&quot;default-style&quot;}\">\n\t\t\t\t\t\t<div class=\"elementor-container elementor-column-gap-default\">\n\t\t\t\t\t<div class=\"elementor-column elementor-col-100 elementor-top-column elementor-element elementor-element-2d15866\" data-id=\"2d15866\" data-element_type=\"column\" data-e-type=\"column\">\n\t\t\t<div class=\"elementor-widget-wrap elementor-element-populated\">\n\t\t\t\t\t\t<div class=\"elementor-element elementor-element-d8e4877 elementor-widget elementor-widget-post-navigation\" data-id=\"d8e4877\" data-element_type=\"widget\" data-e-type=\"widget\" data-widget_type=\"post-navigation.default\">\n\t\t\t\t<div class=\"elementor-widget-container\">\n\t\t\t\t\t\t\t<div class=\"elementor-post-navigation\" role=\"navigation\" aria-label=\"Navigation de publication\">\n\t\t\t<div class=\"elementor-post-navigation__prev elementor-post-navigation__link\">\n\t\t\t\t<a href=\"https:\/\/www.mathezfreight.com\/fr\/profil\/agences\/sete\/\" rel=\"prev\"><span class=\"post-navigation__arrow-wrapper post-navigation__arrow-prev\"><i aria-hidden=\"true\" class=\"fas fa-angle-left\"><\/i><span class=\"elementor-screen-only\">Prev<\/span><\/span><span class=\"elementor-post-navigation__link__prev\"><span class=\"post-navigation__prev--label\">Pr\u00e9c\u00e9dent<\/span><span class=\"post-navigation__prev--title\">Transitaire sp\u00e9cialis\u00e9 Turquie\/Maghreb \u00e0 S\u00e8te<\/span><\/span><\/a>\t\t\t<\/div>\n\t\t\t\t\t\t<div class=\"elementor-post-navigation__next elementor-post-navigation__link\">\n\t\t\t\t<a href=\"https:\/\/www.mathezfreight.com\/fr\/contact\/test\/\" rel=\"next\"><span class=\"elementor-post-navigation__link__next\"><span class=\"post-navigation__next--label\">Suivant<\/span><span class=\"post-navigation__next--title\">Contact simple (test)<\/span><\/span><span class=\"post-navigation__arrow-wrapper post-navigation__arrow-next\"><i aria-hidden=\"true\" class=\"fas fa-angle-right\"><\/i><span class=\"elementor-screen-only\">Suivant<\/span><\/span><\/a>\t\t\t<\/div>\n\t\t<\/div>\n\t\t\t\t\t\t<\/div>\n\t\t\t\t<\/div>\n\t\t\t\t\t<\/div>\n\t\t<\/div>\n\t\t\t\t\t<\/div>\n\t\t<\/nav>\n\t\t\t\t<\/div>\n\t\t","protected":false},"excerpt":{"rendered":"<p>Ce site utilise des cookies pour optimiser votre exp\u00e9rience de navigation, et fait appel \u00e0 des services tiers d\u00e9posant \u00e9galement des cookies.<\/p>\n","protected":false},"author":1,"featured_media":24454,"parent":0,"menu_order":800,"comment_status":"closed","ping_status":"closed","template":"page-mti-a4.php","meta":{"iawp_total_views":37,"footnotes":""},"class_list":["post-53002","page","type-page","status-publish","has-post-thumbnail","hentry"],"yoast_head":"<!-- This site is optimized with the Yoast SEO Premium plugin v27.4 (Yoast SEO v27.4) - https:\/\/yoast.com\/product\/yoast-seo-premium-wordpress\/ -->\n<title>Politique relative aux cookies - MATHEZ FREIGHT<\/title>\n<meta name=\"description\" content=\"Ce site utilise des cookies pour optimiser votre exp\u00e9rience de navigation, et fait appel \u00e0 des services tiers d\u00e9posant \u00e9galement des cookies.\" \/>\n<meta name=\"robots\" content=\"index, follow, max-snippet:-1, max-image-preview:large, max-video-preview:-1\" \/>\n<link rel=\"canonical\" href=\"https:\/\/www.mathezfreight.com\/fr\/cookies\/\" \/>\n<meta property=\"og:locale\" content=\"fr_FR\" \/>\n<meta property=\"og:type\" content=\"article\" \/>\n<meta property=\"og:title\" content=\"Politique relative aux cookies\" \/>\n<meta property=\"og:description\" content=\"Ce site utilise des cookies pour optimiser votre exp\u00e9rience de navigation, et fait appel \u00e0 des services tiers d\u00e9posant \u00e9galement des cookies.\" \/>\n<meta property=\"og:url\" content=\"https:\/\/www.mathezfreight.com\/fr\/cookies\/\" \/>\n<meta property=\"og:site_name\" content=\"MATHEZ FREIGHT\" \/>\n<meta property=\"article:publisher\" content=\"https:\/\/www.facebook.com\/MathezFreight\/\" \/>\n<meta property=\"article:modified_time\" content=\"2024-04-02T10:52:48+00:00\" \/>\n<meta property=\"og:image\" content=\"https:\/\/www.mathezfreight.com\/wp-content\/uploads\/photo-mentions-legales-depositphotos.jpg\" \/>\n\t<meta property=\"og:image:width\" content=\"2000\" \/>\n\t<meta property=\"og:image:height\" content=\"1333\" \/>\n\t<meta property=\"og:image:type\" content=\"image\/jpeg\" \/>\n<meta name=\"twitter:card\" content=\"summary_large_image\" \/>\n<meta name=\"twitter:site\" content=\"@MathezFreight\" \/>\n<meta name=\"twitter:label1\" content=\"Dur\u00e9e de lecture estim\u00e9e\" \/>\n\t<meta name=\"twitter:data1\" content=\"2 minutes\" \/>\n<script type=\"application\/ld+json\" class=\"yoast-schema-graph\">{\"@context\":\"https:\\\/\\\/schema.org\",\"@graph\":[{\"@type\":\"WebPage\",\"@id\":\"https:\\\/\\\/www.mathezfreight.com\\\/fr\\\/cookies\\\/\",\"url\":\"https:\\\/\\\/www.mathezfreight.com\\\/fr\\\/cookies\\\/\",\"name\":\"Politique relative aux cookies - MATHEZ FREIGHT\",\"isPartOf\":{\"@id\":\"https:\\\/\\\/www.mathezfreight.com\\\/fr\\\/#website\"},\"primaryImageOfPage\":{\"@id\":\"https:\\\/\\\/www.mathezfreight.com\\\/fr\\\/cookies\\\/#primaryimage\"},\"image\":{\"@id\":\"https:\\\/\\\/www.mathezfreight.com\\\/fr\\\/cookies\\\/#primaryimage\"},\"thumbnailUrl\":\"https:\\\/\\\/www.mathezfreight.com\\\/wp-content\\\/uploads\\\/photo-mentions-legales-depositphotos.jpg\",\"datePublished\":\"2024-04-02T10:20:04+00:00\",\"dateModified\":\"2024-04-02T10:52:48+00:00\",\"description\":\"Ce site utilise des cookies pour optimiser votre exp\u00e9rience de navigation, et fait appel \u00e0 des services tiers d\u00e9posant \u00e9galement des cookies.\",\"breadcrumb\":{\"@id\":\"https:\\\/\\\/www.mathezfreight.com\\\/fr\\\/cookies\\\/#breadcrumb\"},\"inLanguage\":\"fr-FR\",\"potentialAction\":[{\"@type\":\"ReadAction\",\"target\":[\"https:\\\/\\\/www.mathezfreight.com\\\/fr\\\/cookies\\\/\"]}]},{\"@type\":\"ImageObject\",\"inLanguage\":\"fr-FR\",\"@id\":\"https:\\\/\\\/www.mathezfreight.com\\\/fr\\\/cookies\\\/#primaryimage\",\"url\":\"https:\\\/\\\/www.mathezfreight.com\\\/wp-content\\\/uploads\\\/photo-mentions-legales-depositphotos.jpg\",\"contentUrl\":\"https:\\\/\\\/www.mathezfreight.com\\\/wp-content\\\/uploads\\\/photo-mentions-legales-depositphotos.jpg\",\"width\":2000,\"height\":1333,\"caption\":\"Mentions l\u00e9gales\"},{\"@type\":\"BreadcrumbList\",\"@id\":\"https:\\\/\\\/www.mathezfreight.com\\\/fr\\\/cookies\\\/#breadcrumb\",\"itemListElement\":[{\"@type\":\"ListItem\",\"position\":1,\"name\":\"Home\",\"item\":\"https:\\\/\\\/www.mathezfreight.com\\\/fr\\\/\"},{\"@type\":\"ListItem\",\"position\":2,\"name\":\"Politique relative aux cookies\"}]},{\"@type\":\"WebSite\",\"@id\":\"https:\\\/\\\/www.mathezfreight.com\\\/fr\\\/#website\",\"url\":\"https:\\\/\\\/www.mathezfreight.com\\\/fr\\\/\",\"name\":\"MATHEZ FREIGHT\",\"description\":\"Solutions transport sur mesure, suivies, efficaces\",\"publisher\":{\"@id\":\"https:\\\/\\\/www.mathezfreight.com\\\/fr\\\/#organization\"},\"alternateName\":\"MATHEZ TRANSPORTS INTERNATIONAUX\",\"potentialAction\":[{\"@type\":\"SearchAction\",\"target\":{\"@type\":\"EntryPoint\",\"urlTemplate\":\"https:\\\/\\\/www.mathezfreight.com\\\/fr\\\/?s={search_term_string}\"},\"query-input\":{\"@type\":\"PropertyValueSpecification\",\"valueRequired\":true,\"valueName\":\"search_term_string\"}}],\"inLanguage\":\"fr-FR\"},{\"@type\":\"Organization\",\"@id\":\"https:\\\/\\\/www.mathezfreight.com\\\/fr\\\/#organization\",\"name\":\"MATHEZ FREIGHT\",\"alternateName\":\"MATHEZ TRANSPORTS INTERNATIONAUX\",\"url\":\"https:\\\/\\\/www.mathezfreight.com\\\/fr\\\/\",\"logo\":{\"@type\":\"ImageObject\",\"inLanguage\":\"fr-FR\",\"@id\":\"https:\\\/\\\/www.mathezfreight.com\\\/fr\\\/#\\\/schema\\\/logo\\\/image\\\/\",\"url\":\"https:\\\/\\\/www.mathezfreight.com\\\/wp-content\\\/uploads\\\/logo-mathez-freight-400pxw.png\",\"contentUrl\":\"https:\\\/\\\/www.mathezfreight.com\\\/wp-content\\\/uploads\\\/logo-mathez-freight-400pxw.png\",\"width\":400,\"height\":136,\"caption\":\"MATHEZ FREIGHT\"},\"image\":{\"@id\":\"https:\\\/\\\/www.mathezfreight.com\\\/fr\\\/#\\\/schema\\\/logo\\\/image\\\/\"},\"sameAs\":[\"https:\\\/\\\/www.facebook.com\\\/MathezFreight\\\/\",\"https:\\\/\\\/x.com\\\/MathezFreight\",\"https:\\\/\\\/www.linkedin.com\\\/company\\\/mathezfreight\\\/\"],\"description\":\"Transitaire fran\u00e7ais, organisateur de transport international: fret a\u00e9rien, fret maritime, commissionnaire en douane agr\u00e9\u00e9 OEA-Full. 17 agences en France sur tous les principaux ports et a\u00e9roports.\",\"email\":\"web@mathezfreight.com\",\"telephone\":\"+33.497257825\",\"legalName\":\"MATHEZ TRANSPORTS INTERNATIONAUX\",\"foundingDate\":\"1950-01-01\",\"numberOfEmployees\":{\"@type\":\"QuantitativeValue\",\"minValue\":\"51\",\"maxValue\":\"200\"}}]}<\/script>\n<!-- \/ Yoast SEO Premium plugin. -->","yoast_head_json":{"title":"Politique relative aux cookies - MATHEZ FREIGHT","description":"Ce site utilise des cookies pour optimiser votre exp\u00e9rience de navigation, et fait appel \u00e0 des services tiers d\u00e9posant \u00e9galement des cookies.","robots":{"index":"index","follow":"follow","max-snippet":"max-snippet:-1","max-image-preview":"max-image-preview:large","max-video-preview":"max-video-preview:-1"},"canonical":"https:\/\/www.mathezfreight.com\/fr\/cookies\/","og_locale":"fr_FR","og_type":"article","og_title":"Politique relative aux cookies","og_description":"Ce site utilise des cookies pour optimiser votre exp\u00e9rience de navigation, et fait appel \u00e0 des services tiers d\u00e9posant \u00e9galement des cookies.","og_url":"https:\/\/www.mathezfreight.com\/fr\/cookies\/","og_site_name":"MATHEZ FREIGHT","article_publisher":"https:\/\/www.facebook.com\/MathezFreight\/","article_modified_time":"2024-04-02T10:52:48+00:00","og_image":[{"width":2000,"height":1333,"url":"https:\/\/www.mathezfreight.com\/wp-content\/uploads\/photo-mentions-legales-depositphotos.jpg","type":"image\/jpeg"}],"twitter_card":"summary_large_image","twitter_site":"@MathezFreight","twitter_misc":{"Dur\u00e9e de lecture estim\u00e9e":"2 minutes"},"schema":{"@context":"https:\/\/schema.org","@graph":[{"@type":"WebPage","@id":"https:\/\/www.mathezfreight.com\/fr\/cookies\/","url":"https:\/\/www.mathezfreight.com\/fr\/cookies\/","name":"Politique relative aux cookies - MATHEZ FREIGHT","isPartOf":{"@id":"https:\/\/www.mathezfreight.com\/fr\/#website"},"primaryImageOfPage":{"@id":"https:\/\/www.mathezfreight.com\/fr\/cookies\/#primaryimage"},"image":{"@id":"https:\/\/www.mathezfreight.com\/fr\/cookies\/#primaryimage"},"thumbnailUrl":"https:\/\/www.mathezfreight.com\/wp-content\/uploads\/photo-mentions-legales-depositphotos.jpg","datePublished":"2024-04-02T10:20:04+00:00","dateModified":"2024-04-02T10:52:48+00:00","description":"Ce site utilise des cookies pour optimiser votre exp\u00e9rience de navigation, et fait appel \u00e0 des services tiers d\u00e9posant \u00e9galement des cookies.","breadcrumb":{"@id":"https:\/\/www.mathezfreight.com\/fr\/cookies\/#breadcrumb"},"inLanguage":"fr-FR","potentialAction":[{"@type":"ReadAction","target":["https:\/\/www.mathezfreight.com\/fr\/cookies\/"]}]},{"@type":"ImageObject","inLanguage":"fr-FR","@id":"https:\/\/www.mathezfreight.com\/fr\/cookies\/#primaryimage","url":"https:\/\/www.mathezfreight.com\/wp-content\/uploads\/photo-mentions-legales-depositphotos.jpg","contentUrl":"https:\/\/www.mathezfreight.com\/wp-content\/uploads\/photo-mentions-legales-depositphotos.jpg","width":2000,"height":1333,"caption":"Mentions l\u00e9gales"},{"@type":"BreadcrumbList","@id":"https:\/\/www.mathezfreight.com\/fr\/cookies\/#breadcrumb","itemListElement":[{"@type":"ListItem","position":1,"name":"Home","item":"https:\/\/www.mathezfreight.com\/fr\/"},{"@type":"ListItem","position":2,"name":"Politique relative aux cookies"}]},{"@type":"WebSite","@id":"https:\/\/www.mathezfreight.com\/fr\/#website","url":"https:\/\/www.mathezfreight.com\/fr\/","name":"MATHEZ FREIGHT","description":"Solutions transport sur mesure, suivies, efficaces","publisher":{"@id":"https:\/\/www.mathezfreight.com\/fr\/#organization"},"alternateName":"MATHEZ TRANSPORTS INTERNATIONAUX","potentialAction":[{"@type":"SearchAction","target":{"@type":"EntryPoint","urlTemplate":"https:\/\/www.mathezfreight.com\/fr\/?s={search_term_string}"},"query-input":{"@type":"PropertyValueSpecification","valueRequired":true,"valueName":"search_term_string"}}],"inLanguage":"fr-FR"},{"@type":"Organization","@id":"https:\/\/www.mathezfreight.com\/fr\/#organization","name":"MATHEZ FREIGHT","alternateName":"MATHEZ TRANSPORTS INTERNATIONAUX","url":"https:\/\/www.mathezfreight.com\/fr\/","logo":{"@type":"ImageObject","inLanguage":"fr-FR","@id":"https:\/\/www.mathezfreight.com\/fr\/#\/schema\/logo\/image\/","url":"https:\/\/www.mathezfreight.com\/wp-content\/uploads\/logo-mathez-freight-400pxw.png","contentUrl":"https:\/\/www.mathezfreight.com\/wp-content\/uploads\/logo-mathez-freight-400pxw.png","width":400,"height":136,"caption":"MATHEZ FREIGHT"},"image":{"@id":"https:\/\/www.mathezfreight.com\/fr\/#\/schema\/logo\/image\/"},"sameAs":["https:\/\/www.facebook.com\/MathezFreight\/","https:\/\/x.com\/MathezFreight","https:\/\/www.linkedin.com\/company\/mathezfreight\/"],"description":"Transitaire fran\u00e7ais, organisateur de transport international: fret a\u00e9rien, fret maritime, commissionnaire en douane agr\u00e9\u00e9 OEA-Full. 17 agences en France sur tous les principaux ports et a\u00e9roports.","email":"web@mathezfreight.com","telephone":"+33.497257825","legalName":"MATHEZ TRANSPORTS INTERNATIONAUX","foundingDate":"1950-01-01","numberOfEmployees":{"@type":"QuantitativeValue","minValue":"51","maxValue":"200"}}]}},"_links":{"self":[{"href":"https:\/\/www.mathezfreight.com\/fr\/wp-json\/wp\/v2\/pages\/53002","targetHints":{"allow":["GET"]}}],"collection":[{"href":"https:\/\/www.mathezfreight.com\/fr\/wp-json\/wp\/v2\/pages"}],"about":[{"href":"https:\/\/www.mathezfreight.com\/fr\/wp-json\/wp\/v2\/types\/page"}],"author":[{"embeddable":true,"href":"https:\/\/www.mathezfreight.com\/fr\/wp-json\/wp\/v2\/users\/1"}],"replies":[{"embeddable":true,"href":"https:\/\/www.mathezfreight.com\/fr\/wp-json\/wp\/v2\/comments?post=53002"}],"version-history":[{"count":0,"href":"https:\/\/www.mathezfreight.com\/fr\/wp-json\/wp\/v2\/pages\/53002\/revisions"}],"wp:featuredmedia":[{"embeddable":true,"href":"https:\/\/www.mathezfreight.com\/fr\/wp-json\/wp\/v2\/media\/24454"}],"wp:attachment":[{"href":"https:\/\/www.mathezfreight.com\/fr\/wp-json\/wp\/v2\/media?parent=53002"}],"curies":[{"name":"wp","href":"https:\/\/api.w.org\/{rel}","templated":true}]}}