{"id":34173,"date":"2020-05-13T13:25:31","date_gmt":"2020-05-13T13:25:31","guid":{"rendered":"https:\/\/www.mathezfreight.com\/?page_id=34173"},"modified":"2020-09-15T12:11:21","modified_gmt":"2020-09-15T12:11:21","slug":"masques","status":"publish","type":"page","link":"https:\/\/www.mathezfreight.com\/fr\/contact\/masques\/","title":{"rendered":"Co\u00fbt de transport de masques depuis la Chine: simulateur"},"content":{"rendered":"\t\t<div data-elementor-type=\"wp-post\" data-elementor-id=\"34173\" class=\"elementor elementor-34173\" data-elementor-post-type=\"page\">\n\t\t\t\t\t\t<div class=\"elementor-section elementor-top-section elementor-element elementor-element-c4677dd highlight-outils elementor-section-boxed elementor-section-height-default elementor-section-height-default default-style\" data-id=\"c4677dd\" data-element_type=\"section\" data-e-type=\"section\" id=\"mti-page-excerpt\" data-settings=\"{&quot;rt_color_sets&quot;:&quot;default-style&quot;}\">\n\t\t\t\t\t\t<div class=\"elementor-container elementor-column-gap-default\">\n\t\t\t\t\t<div class=\"elementor-column elementor-col-100 elementor-top-column elementor-element elementor-element-b457467\" data-id=\"b457467\" data-element_type=\"column\" data-e-type=\"column\">\n\t\t\t<div class=\"elementor-widget-wrap elementor-element-populated\">\n\t\t\t\t\t\t<div class=\"elementor-element elementor-element-7899d53 elementor-widget elementor-widget-theme-post-excerpt\" data-id=\"7899d53\" data-element_type=\"widget\" data-e-type=\"widget\" data-widget_type=\"theme-post-excerpt.default\">\n\t\t\t\t<div class=\"elementor-widget-container\">\n\t\t\t\t\tEvaluez en direct vos co\u00fbts d'import de masques depuis la Chine (transport, douane, TVA), en fonction de vos param\u00e8tres. \r\nPour avoir acc\u00e8s \u00e0 ce simulateur et obtenir une cotation, faites une <a href=\"https:\/\/mathez.typeform.com\/to\/u9GAQq\" target=\"_blank\" style=\"color: #FF6600\" rel=\"noopener noreferrer\">demande d'assistance<\/a>. \t\t\t\t<\/div>\n\t\t\t\t<\/div>\n\t\t\t\t\t<\/div>\n\t\t<\/div>\n\t\t\t\t\t<\/div>\n\t\t<\/div>\n\t\t\t\t<section class=\"elementor-section elementor-top-section elementor-element elementor-element-c8d022d elementor-reverse-tablet elementor-reverse-mobile elementor-section-boxed elementor-section-height-default elementor-section-height-default default-style\" data-id=\"c8d022d\" data-element_type=\"section\" data-e-type=\"section\" id=\"mti-contacts\" data-settings=\"{&quot;background_background&quot;:&quot;classic&quot;,&quot;rt_color_sets&quot;:&quot;default-style&quot;}\">\n\t\t\t\t\t\t<div class=\"elementor-container elementor-column-gap-default\">\n\t\t\t\t\t<div class=\"elementor-column elementor-col-100 elementor-top-column elementor-element elementor-element-d8e7120\" data-id=\"d8e7120\" data-element_type=\"column\" data-e-type=\"column\">\n\t\t\t<div class=\"elementor-widget-wrap elementor-element-populated\">\n\t\t\t\t\t\t<div class=\"elementor-element elementor-element-19ea7b2 elementor-widget elementor-widget-image\" data-id=\"19ea7b2\" data-element_type=\"widget\" data-e-type=\"widget\" data-settings=\"{&quot;_animation&quot;:&quot;none&quot;}\" data-widget_type=\"image.default\">\n\t\t\t\t<div class=\"elementor-widget-container\">\n\t\t\t\t\t\t\t\t\t\t\t\t\t\t\t\t<a href=\"https:\/\/mathez.typeform.com\/to\/u9GAQq\" target=\"_blank\" rel=\"nofollow\">\n\t\t\t\t\t\t\t<img decoding=\"async\" width=\"963\" height=\"866\" src=\"https:\/\/www.mathezfreight.com\/wp-content\/uploads\/apercu-simulateur-cout-transport-masques-online.png\" class=\"attachment-large size-large wp-image-35285\" alt=\"Calculer le co\u00fbt d&#039;un transport de masques: aper\u00e7u du simulateur Mathez Freight\" srcset=\"https:\/\/www.mathezfreight.com\/wp-content\/uploads\/apercu-simulateur-cout-transport-masques-online.png 963w, https:\/\/www.mathezfreight.com\/wp-content\/uploads\/apercu-simulateur-cout-transport-masques-online-445x400.png 445w, https:\/\/www.mathezfreight.com\/wp-content\/uploads\/apercu-simulateur-cout-transport-masques-online-768x691.png 768w, https:\/\/www.mathezfreight.com\/wp-content\/uploads\/apercu-simulateur-cout-transport-masques-online-481x433.png 481w\" sizes=\"(max-width: 963px) 100vw, 963px\" \/>\t\t\t\t\t\t\t\t<\/a>\n\t\t\t\t\t\t\t\t\t\t\t\t\t\t\t<\/div>\n\t\t\t\t<\/div>\n\t\t\t\t\t<\/div>\n\t\t<\/div>\n\t\t\t\t\t<\/div>\n\t\t<\/section>\n\t\t\t\t<section class=\"elementor-section elementor-top-section elementor-element elementor-element-c30e85b elementor-section-boxed elementor-section-height-default elementor-section-height-default default-style elementor-invisible\" data-id=\"c30e85b\" data-element_type=\"section\" data-e-type=\"section\" id=\"mti-beau-gosse\" data-settings=\"{&quot;animation&quot;:&quot;fadeIn&quot;,&quot;background_background&quot;:&quot;classic&quot;,&quot;rt_color_sets&quot;:&quot;default-style&quot;}\">\n\t\t\t\t\t\t<div class=\"elementor-container elementor-column-gap-default\">\n\t\t\t\t\t<div class=\"elementor-column elementor-col-66 elementor-top-column elementor-element elementor-element-a012859\" data-id=\"a012859\" data-element_type=\"column\" data-e-type=\"column\">\n\t\t\t<div class=\"elementor-widget-wrap elementor-element-populated\">\n\t\t\t\t\t\t<div class=\"elementor-element elementor-element-ff40447 elementor-widget elementor-widget-text-editor\" data-id=\"ff40447\" data-element_type=\"widget\" data-e-type=\"widget\" data-widget_type=\"text-editor.default\">\n\t\t\t\t<div class=\"elementor-widget-container\">\n\t\t\t\t\t\t\t\t\t<blockquote><p>Cette simulation vous permettra d&rsquo;estimer imm\u00e9diatement vos co\u00fbts. Apr\u00e8s v\u00e9rification de vos documents douaniers, nous pourrons vous \u00e9tablir une cotation pr\u00e9cise. D\u00e9marrez gratuitement une\u00a0<a style=\"color: #ff6600;\" href=\"https:\/\/mathez.typeform.com\/to\/u9GAQq\" target=\"_blank\" rel=\"noopener\">demande d&rsquo;assistance<\/a>.<\/p><\/blockquote><div id=\"mti-beau-gosse-signature\" style=\"margin-top: -10px;\"><span class=\"blue\">Alexandra, H\u00e9l\u00e8ne, Alban, Gwen, Fred et Agnes &#8211;<br \/>\u00a0Taskforce<\/span>\u00a0MATHEZ FREIGHT<\/div>\t\t\t\t\t\t\t\t<\/div>\n\t\t\t\t<\/div>\n\t\t\t\t\t<\/div>\n\t\t<\/div>\n\t\t\t\t<div class=\"elementor-column elementor-col-33 elementor-top-column elementor-element elementor-element-24c094d\" data-id=\"24c094d\" data-element_type=\"column\" data-e-type=\"column\">\n\t\t\t<div class=\"elementor-widget-wrap elementor-element-populated\">\n\t\t\t\t\t\t<div class=\"elementor-element elementor-element-bff40ec aligncenter elementor-hidden-phone elementor-widget elementor-widget-image\" data-id=\"bff40ec\" data-element_type=\"widget\" data-e-type=\"widget\" data-widget_type=\"image.default\">\n\t\t\t\t<div class=\"elementor-widget-container\">\n\t\t\t\t\t\t\t\t\t\t\t\t\t\t\t<img decoding=\"async\" width=\"200\" height=\"300\" src=\"https:\/\/www.mathezfreight.com\/wp-content\/uploads\/photo-bonhomme-mathez-masques.png\" class=\"attachment-full size-full wp-image-34207\" alt=\"Bonhomme Mathez masqu\u00e9\" srcset=\"https:\/\/www.mathezfreight.com\/wp-content\/uploads\/photo-bonhomme-mathez-masques.png 200w, https:\/\/www.mathezfreight.com\/wp-content\/uploads\/photo-bonhomme-mathez-masques-100x150.png 100w\" sizes=\"(max-width: 200px) 100vw, 200px\" \/>\t\t\t\t\t\t\t\t\t\t\t\t\t\t\t<\/div>\n\t\t\t\t<\/div>\n\t\t\t\t\t<\/div>\n\t\t<\/div>\n\t\t\t\t\t<\/div>\n\t\t<\/section>\n\t\t\t\t<\/div>\n\t\t","protected":false},"excerpt":{"rendered":"<p>Evaluez en direct vos co\u00fbts d&rsquo;import de masques depuis la Chine (transport, douane, TVA), en fonction de vos param\u00e8tres.<br \/>\nPour avoir acc\u00e8s \u00e0 ce simulateur et obtenir une cotation, faites une <a href=\"https:\/\/mathez.typeform.com\/to\/u9GAQq\" target=\"_blank\" style=\"color: #FF6600\" rel=\"noopener noreferrer\">demande d&rsquo;assistance<\/a>. <\/p>\n","protected":false},"author":1,"featured_media":34243,"parent":24344,"menu_order":500,"comment_status":"closed","ping_status":"closed","template":"page-mti-grey.php","meta":{"rs_blank_template":"","rs_page_bg_color":"","slide_template_v7":"","iawp_total_views":150,"footnotes":""},"class_list":["post-34173","page","type-page","status-publish","has-post-thumbnail","hentry"],"yoast_head":"<!-- This site is optimized with the Yoast SEO Premium plugin v27.5 (Yoast SEO v27.5) - https:\/\/yoast.com\/product\/yoast-seo-premium-wordpress\/ -->\n<title>Co\u00fbt de transport de masques depuis la Chine: simulateur - MATHEZ FREIGHT<\/title>\n<meta name=\"description\" content=\"Evaluez en direct vos co\u00fbts d&#039;import de masques depuis la Chine (transport, douane, TVA), en fonction de vos param\u00e8tres.  Pour avoir acc\u00e8s \u00e0 ce simulateur et obtenir une cotation, faites une demande d&#039;assistance.\" \/>\n<meta name=\"robots\" content=\"index, follow, max-snippet:-1, max-image-preview:large, max-video-preview:-1\" \/>\n<link rel=\"canonical\" href=\"https:\/\/www.mathezfreight.com\/fr\/contact\/masques\/\" \/>\n<meta property=\"og:locale\" content=\"fr_FR\" \/>\n<meta property=\"og:type\" content=\"article\" \/>\n<meta property=\"og:title\" content=\"Co\u00fbt de transport de masques depuis la Chine: simulateur\" \/>\n<meta property=\"og:description\" content=\"Evaluez en direct vos co\u00fbts d&#039;import de masques depuis la Chine (transport, douane, TVA), en fonction de vos param\u00e8tres.  Pour avoir acc\u00e8s \u00e0 ce simulateur et obtenir une cotation, faites une demande d&#039;assistance.\" \/>\n<meta property=\"og:url\" content=\"https:\/\/www.mathezfreight.com\/fr\/contact\/masques\/\" \/>\n<meta property=\"og:site_name\" content=\"MATHEZ FREIGHT\" \/>\n<meta property=\"article:publisher\" content=\"https:\/\/www.facebook.com\/MathezFreight\/\" \/>\n<meta property=\"article:modified_time\" content=\"2020-09-15T12:11:21+00:00\" \/>\n<meta property=\"og:image\" content=\"https:\/\/www.mathezfreight.com\/wp-content\/uploads\/photo-devis-masques.jpg\" \/>\n\t<meta property=\"og:image:width\" content=\"420\" \/>\n\t<meta property=\"og:image:height\" content=\"280\" \/>\n\t<meta property=\"og:image:type\" content=\"image\/jpeg\" \/>\n<meta name=\"twitter:card\" content=\"summary_large_image\" \/>\n<meta name=\"twitter:site\" content=\"@MathezFreight\" \/>\n<script type=\"application\/ld+json\" class=\"yoast-schema-graph\">{\"@context\":\"https:\\\/\\\/schema.org\",\"@graph\":[{\"@type\":\"WebPage\",\"@id\":\"https:\\\/\\\/www.mathezfreight.com\\\/fr\\\/contact\\\/masques\\\/\",\"url\":\"https:\\\/\\\/www.mathezfreight.com\\\/fr\\\/contact\\\/masques\\\/\",\"name\":\"Co\u00fbt de transport de masques depuis la Chine: simulateur - MATHEZ FREIGHT\",\"isPartOf\":{\"@id\":\"https:\\\/\\\/www.mathezfreight.com\\\/fr\\\/#website\"},\"primaryImageOfPage\":{\"@id\":\"https:\\\/\\\/www.mathezfreight.com\\\/fr\\\/contact\\\/masques\\\/#primaryimage\"},\"image\":{\"@id\":\"https:\\\/\\\/www.mathezfreight.com\\\/fr\\\/contact\\\/masques\\\/#primaryimage\"},\"thumbnailUrl\":\"https:\\\/\\\/www.mathezfreight.com\\\/wp-content\\\/uploads\\\/photo-devis-masques.jpg\",\"datePublished\":\"2020-05-13T13:25:31+00:00\",\"dateModified\":\"2020-09-15T12:11:21+00:00\",\"description\":\"Evaluez en direct vos co\u00fbts d'import de masques depuis la Chine (transport, douane, TVA), en fonction de vos param\u00e8tres. Pour avoir acc\u00e8s \u00e0 ce simulateur et obtenir une cotation, faites une demande d'assistance.\",\"breadcrumb\":{\"@id\":\"https:\\\/\\\/www.mathezfreight.com\\\/fr\\\/contact\\\/masques\\\/#breadcrumb\"},\"inLanguage\":\"fr-FR\",\"potentialAction\":[{\"@type\":\"ReadAction\",\"target\":[\"https:\\\/\\\/www.mathezfreight.com\\\/fr\\\/contact\\\/masques\\\/\"]}]},{\"@type\":\"ImageObject\",\"inLanguage\":\"fr-FR\",\"@id\":\"https:\\\/\\\/www.mathezfreight.com\\\/fr\\\/contact\\\/masques\\\/#primaryimage\",\"url\":\"https:\\\/\\\/www.mathezfreight.com\\\/wp-content\\\/uploads\\\/photo-devis-masques.jpg\",\"contentUrl\":\"https:\\\/\\\/www.mathezfreight.com\\\/wp-content\\\/uploads\\\/photo-devis-masques.jpg\",\"width\":420,\"height\":280,\"caption\":\"Estimation du cout des transports de masques depuis la Chine\"},{\"@type\":\"BreadcrumbList\",\"@id\":\"https:\\\/\\\/www.mathezfreight.com\\\/fr\\\/contact\\\/masques\\\/#breadcrumb\",\"itemListElement\":[{\"@type\":\"ListItem\",\"position\":1,\"name\":\"Home\",\"item\":\"https:\\\/\\\/www.mathezfreight.com\\\/fr\\\/\"},{\"@type\":\"ListItem\",\"position\":2,\"name\":\"Contact &#038; devis transport\",\"item\":\"https:\\\/\\\/www.mathezfreight.com\\\/fr\\\/contact\\\/\"},{\"@type\":\"ListItem\",\"position\":3,\"name\":\"Co\u00fbt de transport de masques depuis la Chine: simulateur\"}]},{\"@type\":\"WebSite\",\"@id\":\"https:\\\/\\\/www.mathezfreight.com\\\/fr\\\/#website\",\"url\":\"https:\\\/\\\/www.mathezfreight.com\\\/fr\\\/\",\"name\":\"MATHEZ FREIGHT\",\"description\":\"Solutions transport sur mesure, suivies, efficaces\",\"publisher\":{\"@id\":\"https:\\\/\\\/www.mathezfreight.com\\\/fr\\\/#organization\"},\"alternateName\":\"MATHEZ TRANSPORTS INTERNATIONAUX\",\"potentialAction\":[{\"@type\":\"SearchAction\",\"target\":{\"@type\":\"EntryPoint\",\"urlTemplate\":\"https:\\\/\\\/www.mathezfreight.com\\\/fr\\\/?s={search_term_string}\"},\"query-input\":{\"@type\":\"PropertyValueSpecification\",\"valueRequired\":true,\"valueName\":\"search_term_string\"}}],\"inLanguage\":\"fr-FR\"},{\"@type\":\"Organization\",\"@id\":\"https:\\\/\\\/www.mathezfreight.com\\\/fr\\\/#organization\",\"name\":\"MATHEZ FREIGHT\",\"alternateName\":\"MATHEZ TRANSPORTS INTERNATIONAUX\",\"url\":\"https:\\\/\\\/www.mathezfreight.com\\\/fr\\\/\",\"logo\":{\"@type\":\"ImageObject\",\"inLanguage\":\"fr-FR\",\"@id\":\"https:\\\/\\\/www.mathezfreight.com\\\/fr\\\/#\\\/schema\\\/logo\\\/image\\\/\",\"url\":\"https:\\\/\\\/www.mathezfreight.com\\\/wp-content\\\/uploads\\\/logo-mathez-freight-400pxw.png\",\"contentUrl\":\"https:\\\/\\\/www.mathezfreight.com\\\/wp-content\\\/uploads\\\/logo-mathez-freight-400pxw.png\",\"width\":400,\"height\":136,\"caption\":\"MATHEZ FREIGHT\"},\"image\":{\"@id\":\"https:\\\/\\\/www.mathezfreight.com\\\/fr\\\/#\\\/schema\\\/logo\\\/image\\\/\"},\"sameAs\":[\"https:\\\/\\\/www.facebook.com\\\/MathezFreight\\\/\",\"https:\\\/\\\/x.com\\\/MathezFreight\",\"https:\\\/\\\/www.linkedin.com\\\/company\\\/mathezfreight\\\/\"],\"description\":\"Transitaire fran\u00e7ais, organisateur de transport international: fret a\u00e9rien, fret maritime, commissionnaire en douane agr\u00e9\u00e9 OEA-Full. 17 agences en France sur tous les principaux ports et a\u00e9roports.\",\"email\":\"web@mathezfreight.com\",\"telephone\":\"+33.497257825\",\"legalName\":\"MATHEZ TRANSPORTS INTERNATIONAUX\",\"foundingDate\":\"1950-01-01\",\"numberOfEmployees\":{\"@type\":\"QuantitativeValue\",\"minValue\":\"51\",\"maxValue\":\"200\"}}]}<\/script>\n<!-- \/ Yoast SEO Premium plugin. -->","yoast_head_json":{"title":"Co\u00fbt de transport de masques depuis la Chine: simulateur - MATHEZ FREIGHT","description":"Evaluez en direct vos co\u00fbts d'import de masques depuis la Chine (transport, douane, TVA), en fonction de vos param\u00e8tres.  Pour avoir acc\u00e8s \u00e0 ce simulateur et obtenir une cotation, faites une demande d'assistance.","robots":{"index":"index","follow":"follow","max-snippet":"max-snippet:-1","max-image-preview":"max-image-preview:large","max-video-preview":"max-video-preview:-1"},"canonical":"https:\/\/www.mathezfreight.com\/fr\/contact\/masques\/","og_locale":"fr_FR","og_type":"article","og_title":"Co\u00fbt de transport de masques depuis la Chine: simulateur","og_description":"Evaluez en direct vos co\u00fbts d'import de masques depuis la Chine (transport, douane, TVA), en fonction de vos param\u00e8tres.  Pour avoir acc\u00e8s \u00e0 ce simulateur et obtenir une cotation, faites une demande d'assistance.","og_url":"https:\/\/www.mathezfreight.com\/fr\/contact\/masques\/","og_site_name":"MATHEZ FREIGHT","article_publisher":"https:\/\/www.facebook.com\/MathezFreight\/","article_modified_time":"2020-09-15T12:11:21+00:00","og_image":[{"width":420,"height":280,"url":"https:\/\/www.mathezfreight.com\/wp-content\/uploads\/photo-devis-masques.jpg","type":"image\/jpeg"}],"twitter_card":"summary_large_image","twitter_site":"@MathezFreight","schema":{"@context":"https:\/\/schema.org","@graph":[{"@type":"WebPage","@id":"https:\/\/www.mathezfreight.com\/fr\/contact\/masques\/","url":"https:\/\/www.mathezfreight.com\/fr\/contact\/masques\/","name":"Co\u00fbt de transport de masques depuis la Chine: simulateur - MATHEZ FREIGHT","isPartOf":{"@id":"https:\/\/www.mathezfreight.com\/fr\/#website"},"primaryImageOfPage":{"@id":"https:\/\/www.mathezfreight.com\/fr\/contact\/masques\/#primaryimage"},"image":{"@id":"https:\/\/www.mathezfreight.com\/fr\/contact\/masques\/#primaryimage"},"thumbnailUrl":"https:\/\/www.mathezfreight.com\/wp-content\/uploads\/photo-devis-masques.jpg","datePublished":"2020-05-13T13:25:31+00:00","dateModified":"2020-09-15T12:11:21+00:00","description":"Evaluez en direct vos co\u00fbts d'import de masques depuis la Chine (transport, douane, TVA), en fonction de vos param\u00e8tres. Pour avoir acc\u00e8s \u00e0 ce simulateur et obtenir une cotation, faites une demande d'assistance.","breadcrumb":{"@id":"https:\/\/www.mathezfreight.com\/fr\/contact\/masques\/#breadcrumb"},"inLanguage":"fr-FR","potentialAction":[{"@type":"ReadAction","target":["https:\/\/www.mathezfreight.com\/fr\/contact\/masques\/"]}]},{"@type":"ImageObject","inLanguage":"fr-FR","@id":"https:\/\/www.mathezfreight.com\/fr\/contact\/masques\/#primaryimage","url":"https:\/\/www.mathezfreight.com\/wp-content\/uploads\/photo-devis-masques.jpg","contentUrl":"https:\/\/www.mathezfreight.com\/wp-content\/uploads\/photo-devis-masques.jpg","width":420,"height":280,"caption":"Estimation du cout des transports de masques depuis la Chine"},{"@type":"BreadcrumbList","@id":"https:\/\/www.mathezfreight.com\/fr\/contact\/masques\/#breadcrumb","itemListElement":[{"@type":"ListItem","position":1,"name":"Home","item":"https:\/\/www.mathezfreight.com\/fr\/"},{"@type":"ListItem","position":2,"name":"Contact &#038; devis transport","item":"https:\/\/www.mathezfreight.com\/fr\/contact\/"},{"@type":"ListItem","position":3,"name":"Co\u00fbt de transport de masques depuis la Chine: simulateur"}]},{"@type":"WebSite","@id":"https:\/\/www.mathezfreight.com\/fr\/#website","url":"https:\/\/www.mathezfreight.com\/fr\/","name":"MATHEZ FREIGHT","description":"Solutions transport sur mesure, suivies, efficaces","publisher":{"@id":"https:\/\/www.mathezfreight.com\/fr\/#organization"},"alternateName":"MATHEZ TRANSPORTS INTERNATIONAUX","potentialAction":[{"@type":"SearchAction","target":{"@type":"EntryPoint","urlTemplate":"https:\/\/www.mathezfreight.com\/fr\/?s={search_term_string}"},"query-input":{"@type":"PropertyValueSpecification","valueRequired":true,"valueName":"search_term_string"}}],"inLanguage":"fr-FR"},{"@type":"Organization","@id":"https:\/\/www.mathezfreight.com\/fr\/#organization","name":"MATHEZ FREIGHT","alternateName":"MATHEZ TRANSPORTS INTERNATIONAUX","url":"https:\/\/www.mathezfreight.com\/fr\/","logo":{"@type":"ImageObject","inLanguage":"fr-FR","@id":"https:\/\/www.mathezfreight.com\/fr\/#\/schema\/logo\/image\/","url":"https:\/\/www.mathezfreight.com\/wp-content\/uploads\/logo-mathez-freight-400pxw.png","contentUrl":"https:\/\/www.mathezfreight.com\/wp-content\/uploads\/logo-mathez-freight-400pxw.png","width":400,"height":136,"caption":"MATHEZ FREIGHT"},"image":{"@id":"https:\/\/www.mathezfreight.com\/fr\/#\/schema\/logo\/image\/"},"sameAs":["https:\/\/www.facebook.com\/MathezFreight\/","https:\/\/x.com\/MathezFreight","https:\/\/www.linkedin.com\/company\/mathezfreight\/"],"description":"Transitaire fran\u00e7ais, organisateur de transport international: fret a\u00e9rien, fret maritime, commissionnaire en douane agr\u00e9\u00e9 OEA-Full. 17 agences en France sur tous les principaux ports et a\u00e9roports.","email":"web@mathezfreight.com","telephone":"+33.497257825","legalName":"MATHEZ TRANSPORTS INTERNATIONAUX","foundingDate":"1950-01-01","numberOfEmployees":{"@type":"QuantitativeValue","minValue":"51","maxValue":"200"}}]}},"_links":{"self":[{"href":"https:\/\/www.mathezfreight.com\/fr\/wp-json\/wp\/v2\/pages\/34173","targetHints":{"allow":["GET"]}}],"collection":[{"href":"https:\/\/www.mathezfreight.com\/fr\/wp-json\/wp\/v2\/pages"}],"about":[{"href":"https:\/\/www.mathezfreight.com\/fr\/wp-json\/wp\/v2\/types\/page"}],"author":[{"embeddable":true,"href":"https:\/\/www.mathezfreight.com\/fr\/wp-json\/wp\/v2\/users\/1"}],"replies":[{"embeddable":true,"href":"https:\/\/www.mathezfreight.com\/fr\/wp-json\/wp\/v2\/comments?post=34173"}],"version-history":[{"count":0,"href":"https:\/\/www.mathezfreight.com\/fr\/wp-json\/wp\/v2\/pages\/34173\/revisions"}],"up":[{"embeddable":true,"href":"https:\/\/www.mathezfreight.com\/fr\/wp-json\/wp\/v2\/pages\/24344"}],"wp:featuredmedia":[{"embeddable":true,"href":"https:\/\/www.mathezfreight.com\/fr\/wp-json\/wp\/v2\/media\/34243"}],"wp:attachment":[{"href":"https:\/\/www.mathezfreight.com\/fr\/wp-json\/wp\/v2\/media?parent=34173"}],"curies":[{"name":"wp","href":"https:\/\/api.w.org\/{rel}","templated":true}]}}