{"id":27806,"date":"2019-06-21T16:27:36","date_gmt":"2019-06-21T16:27:36","guid":{"rendered":"https:\/\/www.mathezfreight.com\/?page_id=27806"},"modified":"2026-02-04T15:08:42","modified_gmt":"2026-02-04T15:08:42","slug":"social","status":"publish","type":"page","link":"https:\/\/www.mathezfreight.com\/fr\/pratique\/social\/","title":{"rendered":"Fil d&rsquo;actualit\u00e9 sociale"},"content":{"rendered":"\t\t<div data-elementor-type=\"wp-page\" data-elementor-id=\"27806\" class=\"elementor elementor-27806\" data-elementor-post-type=\"page\">\n\t\t\t\t\t\t<section class=\"elementor-section elementor-top-section elementor-element elementor-element-995b8ec elementor-section-boxed elementor-section-height-default elementor-section-height-default default-style\" data-id=\"995b8ec\" data-element_type=\"section\" data-e-type=\"section\" data-settings=\"{&quot;rt_color_sets&quot;:&quot;default-style&quot;}\">\n\t\t\t\t\t\t<div class=\"elementor-container elementor-column-gap-default\">\n\t\t\t\t\t<div class=\"elementor-column elementor-col-100 elementor-top-column elementor-element elementor-element-2297e3e\" data-id=\"2297e3e\" data-element_type=\"column\" data-e-type=\"column\">\n\t\t\t<div class=\"elementor-widget-wrap elementor-element-populated\">\n\t\t\t\t\t\t<div class=\"elementor-element elementor-element-0b8944a elementor-shape-circle e-grid-align-right elementor-grid-0 elementor-widget elementor-widget-social-icons\" data-id=\"0b8944a\" data-element_type=\"widget\" data-e-type=\"widget\" data-widget_type=\"social-icons.default\">\n\t\t\t\t<div class=\"elementor-widget-container\">\n\t\t\t\t\t\t\t<div class=\"elementor-social-icons-wrapper elementor-grid\" role=\"list\">\n\t\t\t\t\t\t\t<span class=\"elementor-grid-item\" role=\"listitem\">\n\t\t\t\t\t<a class=\"elementor-icon elementor-social-icon elementor-social-icon-linkedin elementor-repeater-item-6028c59\" href=\"https:\/\/www.linkedin.com\/company\/mathezfreight\/\" target=\"_blank\">\n\t\t\t\t\t\t<span class=\"elementor-screen-only\">Linkedin<\/span>\n\t\t\t\t\t\t<i aria-hidden=\"true\" class=\"fab fa-linkedin\"><\/i>\t\t\t\t\t<\/a>\n\t\t\t\t<\/span>\n\t\t\t\t\t\t\t<span class=\"elementor-grid-item\" role=\"listitem\">\n\t\t\t\t\t<a class=\"elementor-icon elementor-social-icon elementor-social-icon-facebook elementor-repeater-item-1d5c8bb\" href=\"https:\/\/www.facebook.com\/MathezFreight\/\" target=\"_blank\">\n\t\t\t\t\t\t<span class=\"elementor-screen-only\">Facebook<\/span>\n\t\t\t\t\t\t<i aria-hidden=\"true\" class=\"fab fa-facebook\"><\/i>\t\t\t\t\t<\/a>\n\t\t\t\t<\/span>\n\t\t\t\t\t<\/div>\n\t\t\t\t\t\t<\/div>\n\t\t\t\t<\/div>\n\t\t\t\t<div class=\"elementor-element elementor-element-bbb4288 elementor-widget elementor-widget-html\" data-id=\"bbb4288\" data-element_type=\"widget\" data-e-type=\"widget\" data-widget_type=\"html.default\">\n\t\t\t\t<div class=\"elementor-widget-container\">\n\t\t\t\t\t<iframe src='https:\/\/widgets.sociablekit.com\/linkedin-page-posts\/iframe\/25482134' frameborder='0' width='100%' height='2000'><\/iframe>\t\t\t\t<\/div>\n\t\t\t\t<\/div>\n\t\t\t\t<div class=\"elementor-element elementor-element-58e5f12 elementor-widget elementor-widget-text-editor\" data-id=\"58e5f12\" data-element_type=\"widget\" data-e-type=\"widget\" data-widget_type=\"text-editor.default\">\n\t\t\t\t<div class=\"elementor-widget-container\">\n\t\t\t\t\t\t\t\t\t<p style=\"text-align: right;\">Admin <a href=\"https:\/\/www.sociablekit.com\/app\/users\/widgets\/index\">Sociable Kit<\/a><\/p>\t\t\t\t\t\t\t\t<\/div>\n\t\t\t\t<\/div>\n\t\t\t\t\t<\/div>\n\t\t<\/div>\n\t\t\t\t\t<\/div>\n\t\t<\/section>\n\t\t\t\t<section class=\"elementor-section elementor-top-section elementor-element elementor-element-28ebaf7 elementor-section-boxed elementor-section-height-default elementor-section-height-default default-style\" data-id=\"28ebaf7\" data-element_type=\"section\" data-e-type=\"section\" data-settings=\"{&quot;background_background&quot;:&quot;classic&quot;,&quot;rt_color_sets&quot;:&quot;default-style&quot;}\">\n\t\t\t\t\t\t<div class=\"elementor-container elementor-column-gap-default\">\n\t\t\t\t\t<div class=\"elementor-column elementor-col-100 elementor-top-column elementor-element elementor-element-5d81589\" data-id=\"5d81589\" data-element_type=\"column\" data-e-type=\"column\">\n\t\t\t<div class=\"elementor-widget-wrap elementor-element-populated\">\n\t\t\t\t\t\t\t<\/div>\n\t\t<\/div>\n\t\t\t\t\t<\/div>\n\t\t<\/section>\n\t\t\t\t<\/div>\n\t\t","protected":false},"excerpt":{"rendered":"<p>D&rsquo;un seul coup d&rsquo;oeil, notre actualit\u00e9 sur les m\u00e9dias sociaux<\/p>\n","protected":false},"author":1,"featured_media":19498,"parent":27462,"menu_order":102,"comment_status":"closed","ping_status":"closed","template":"page-mti-a4-noshadow.php","meta":{"iawp_total_views":74,"footnotes":""},"class_list":["post-27806","page","type-page","status-publish","has-post-thumbnail","hentry"],"yoast_head":"<!-- This site is optimized with the Yoast SEO Premium plugin v27.0 (Yoast SEO v27.1) - https:\/\/yoast.com\/product\/yoast-seo-premium-wordpress\/ -->\n<title>Fil d&#039;actualit\u00e9 sociale - MATHEZ FREIGHT<\/title>\n<meta name=\"description\" content=\"D&#039;un seul coup d&#039;oeil, notre actualit\u00e9 sur les m\u00e9dias sociaux\" \/>\n<meta name=\"robots\" content=\"index, follow, max-snippet:-1, max-image-preview:large, max-video-preview:-1\" \/>\n<link rel=\"canonical\" href=\"https:\/\/www.mathezfreight.com\/fr\/pratique\/social\/\" \/>\n<meta property=\"og:locale\" content=\"fr_FR\" \/>\n<meta property=\"og:type\" content=\"article\" \/>\n<meta property=\"og:title\" content=\"Fil d&#039;actualit\u00e9 sociale\" \/>\n<meta property=\"og:description\" content=\"D&#039;un seul coup d&#039;oeil, notre actualit\u00e9 sur les m\u00e9dias sociaux\" \/>\n<meta property=\"og:url\" content=\"https:\/\/www.mathezfreight.com\/fr\/pratique\/social\/\" \/>\n<meta property=\"og:site_name\" content=\"MATHEZ FREIGHT\" \/>\n<meta property=\"article:publisher\" content=\"https:\/\/www.facebook.com\/MathezFreight\/\" \/>\n<meta property=\"article:modified_time\" content=\"2026-02-04T15:08:42+00:00\" \/>\n<meta property=\"og:image\" content=\"https:\/\/www.mathezfreight.com\/wp-content\/uploads\/icon-social-media.png\" \/>\n\t<meta property=\"og:image:width\" content=\"750\" \/>\n\t<meta property=\"og:image:height\" content=\"500\" \/>\n\t<meta property=\"og:image:type\" content=\"image\/png\" \/>\n<meta name=\"twitter:card\" content=\"summary_large_image\" \/>\n<meta name=\"twitter:site\" content=\"@MathezFreight\" \/>\n<meta name=\"twitter:label1\" content=\"Dur\u00e9e de lecture estim\u00e9e\" \/>\n\t<meta name=\"twitter:data1\" content=\"1 minute\" \/>\n<script type=\"application\/ld+json\" class=\"yoast-schema-graph\">{\"@context\":\"https:\/\/schema.org\",\"@graph\":[{\"@type\":\"WebPage\",\"@id\":\"https:\/\/www.mathezfreight.com\/fr\/pratique\/social\/\",\"url\":\"https:\/\/www.mathezfreight.com\/fr\/pratique\/social\/\",\"name\":\"Fil d'actualit\u00e9 sociale - MATHEZ FREIGHT\",\"isPartOf\":{\"@id\":\"https:\/\/www.mathezfreight.com\/fr\/#website\"},\"primaryImageOfPage\":{\"@id\":\"https:\/\/www.mathezfreight.com\/fr\/pratique\/social\/#primaryimage\"},\"image\":{\"@id\":\"https:\/\/www.mathezfreight.com\/fr\/pratique\/social\/#primaryimage\"},\"thumbnailUrl\":\"https:\/\/www.mathezfreight.com\/wp-content\/uploads\/icon-social-media.png\",\"datePublished\":\"2019-06-21T16:27:36+00:00\",\"dateModified\":\"2026-02-04T15:08:42+00:00\",\"description\":\"D'un seul coup d'oeil, notre actualit\u00e9 sur les m\u00e9dias sociaux\",\"breadcrumb\":{\"@id\":\"https:\/\/www.mathezfreight.com\/fr\/pratique\/social\/#breadcrumb\"},\"inLanguage\":\"fr-FR\",\"potentialAction\":[{\"@type\":\"ReadAction\",\"target\":[\"https:\/\/www.mathezfreight.com\/fr\/pratique\/social\/\"]}]},{\"@type\":\"ImageObject\",\"inLanguage\":\"fr-FR\",\"@id\":\"https:\/\/www.mathezfreight.com\/fr\/pratique\/social\/#primaryimage\",\"url\":\"https:\/\/www.mathezfreight.com\/wp-content\/uploads\/icon-social-media.png\",\"contentUrl\":\"https:\/\/www.mathezfreight.com\/wp-content\/uploads\/icon-social-media.png\",\"width\":750,\"height\":500,\"caption\":\"Actualit\u00e9 sociale\"},{\"@type\":\"BreadcrumbList\",\"@id\":\"https:\/\/www.mathezfreight.com\/fr\/pratique\/social\/#breadcrumb\",\"itemListElement\":[{\"@type\":\"ListItem\",\"position\":1,\"name\":\"Home\",\"item\":\"https:\/\/www.mathezfreight.com\/fr\/\"},{\"@type\":\"ListItem\",\"position\":2,\"name\":\"Pratique\",\"item\":\"https:\/\/www.mathezfreight.com\/fr\/pratique\/\"},{\"@type\":\"ListItem\",\"position\":3,\"name\":\"Actualit\u00e9 sociale\"}]},{\"@type\":\"WebSite\",\"@id\":\"https:\/\/www.mathezfreight.com\/fr\/#website\",\"url\":\"https:\/\/www.mathezfreight.com\/fr\/\",\"name\":\"MATHEZ FREIGHT\",\"description\":\"Solutions transport sur mesure, suivies, efficaces\",\"publisher\":{\"@id\":\"https:\/\/www.mathezfreight.com\/fr\/#organization\"},\"alternateName\":\"MATHEZ TRANSPORTS INTERNATIONAUX\",\"potentialAction\":[{\"@type\":\"SearchAction\",\"target\":{\"@type\":\"EntryPoint\",\"urlTemplate\":\"https:\/\/www.mathezfreight.com\/fr\/?s={search_term_string}\"},\"query-input\":{\"@type\":\"PropertyValueSpecification\",\"valueRequired\":true,\"valueName\":\"search_term_string\"}}],\"inLanguage\":\"fr-FR\"},{\"@type\":\"Organization\",\"@id\":\"https:\/\/www.mathezfreight.com\/fr\/#organization\",\"name\":\"MATHEZ FREIGHT\",\"alternateName\":\"MATHEZ TRANSPORTS INTERNATIONAUX\",\"url\":\"https:\/\/www.mathezfreight.com\/fr\/\",\"logo\":{\"@type\":\"ImageObject\",\"inLanguage\":\"fr-FR\",\"@id\":\"https:\/\/www.mathezfreight.com\/fr\/#\/schema\/logo\/image\/\",\"url\":\"https:\/\/www.mathezfreight.com\/wp-content\/uploads\/logo-mathez-freight-400pxw.png\",\"contentUrl\":\"https:\/\/www.mathezfreight.com\/wp-content\/uploads\/logo-mathez-freight-400pxw.png\",\"width\":400,\"height\":136,\"caption\":\"MATHEZ FREIGHT\"},\"image\":{\"@id\":\"https:\/\/www.mathezfreight.com\/fr\/#\/schema\/logo\/image\/\"},\"sameAs\":[\"https:\/\/www.facebook.com\/MathezFreight\/\",\"https:\/\/x.com\/MathezFreight\",\"https:\/\/www.linkedin.com\/company\/mathezfreight\/\"],\"description\":\"Transitaire fran\u00e7ais, organisateur de transport international: fret a\u00e9rien, fret maritime, commissionnaire en douane agr\u00e9\u00e9 OEA-Full. 17 agences en France sur tous les principaux ports et a\u00e9roports.\",\"email\":\"web@mathezfreight.com\",\"telephone\":\"+33.497257825\",\"legalName\":\"MATHEZ TRANSPORTS INTERNATIONAUX\",\"foundingDate\":\"1950-01-01\",\"numberOfEmployees\":{\"@type\":\"QuantitativeValue\",\"minValue\":\"51\",\"maxValue\":\"200\"}}]}<\/script>\n<!-- \/ Yoast SEO Premium plugin. -->","yoast_head_json":{"title":"Fil d'actualit\u00e9 sociale - MATHEZ FREIGHT","description":"D'un seul coup d'oeil, notre actualit\u00e9 sur les m\u00e9dias sociaux","robots":{"index":"index","follow":"follow","max-snippet":"max-snippet:-1","max-image-preview":"max-image-preview:large","max-video-preview":"max-video-preview:-1"},"canonical":"https:\/\/www.mathezfreight.com\/fr\/pratique\/social\/","og_locale":"fr_FR","og_type":"article","og_title":"Fil d'actualit\u00e9 sociale","og_description":"D'un seul coup d'oeil, notre actualit\u00e9 sur les m\u00e9dias sociaux","og_url":"https:\/\/www.mathezfreight.com\/fr\/pratique\/social\/","og_site_name":"MATHEZ FREIGHT","article_publisher":"https:\/\/www.facebook.com\/MathezFreight\/","article_modified_time":"2026-02-04T15:08:42+00:00","og_image":[{"width":750,"height":500,"url":"https:\/\/www.mathezfreight.com\/wp-content\/uploads\/icon-social-media.png","type":"image\/png"}],"twitter_card":"summary_large_image","twitter_site":"@MathezFreight","twitter_misc":{"Dur\u00e9e de lecture estim\u00e9e":"1 minute"},"schema":{"@context":"https:\/\/schema.org","@graph":[{"@type":"WebPage","@id":"https:\/\/www.mathezfreight.com\/fr\/pratique\/social\/","url":"https:\/\/www.mathezfreight.com\/fr\/pratique\/social\/","name":"Fil d'actualit\u00e9 sociale - MATHEZ FREIGHT","isPartOf":{"@id":"https:\/\/www.mathezfreight.com\/fr\/#website"},"primaryImageOfPage":{"@id":"https:\/\/www.mathezfreight.com\/fr\/pratique\/social\/#primaryimage"},"image":{"@id":"https:\/\/www.mathezfreight.com\/fr\/pratique\/social\/#primaryimage"},"thumbnailUrl":"https:\/\/www.mathezfreight.com\/wp-content\/uploads\/icon-social-media.png","datePublished":"2019-06-21T16:27:36+00:00","dateModified":"2026-02-04T15:08:42+00:00","description":"D'un seul coup d'oeil, notre actualit\u00e9 sur les m\u00e9dias sociaux","breadcrumb":{"@id":"https:\/\/www.mathezfreight.com\/fr\/pratique\/social\/#breadcrumb"},"inLanguage":"fr-FR","potentialAction":[{"@type":"ReadAction","target":["https:\/\/www.mathezfreight.com\/fr\/pratique\/social\/"]}]},{"@type":"ImageObject","inLanguage":"fr-FR","@id":"https:\/\/www.mathezfreight.com\/fr\/pratique\/social\/#primaryimage","url":"https:\/\/www.mathezfreight.com\/wp-content\/uploads\/icon-social-media.png","contentUrl":"https:\/\/www.mathezfreight.com\/wp-content\/uploads\/icon-social-media.png","width":750,"height":500,"caption":"Actualit\u00e9 sociale"},{"@type":"BreadcrumbList","@id":"https:\/\/www.mathezfreight.com\/fr\/pratique\/social\/#breadcrumb","itemListElement":[{"@type":"ListItem","position":1,"name":"Home","item":"https:\/\/www.mathezfreight.com\/fr\/"},{"@type":"ListItem","position":2,"name":"Pratique","item":"https:\/\/www.mathezfreight.com\/fr\/pratique\/"},{"@type":"ListItem","position":3,"name":"Actualit\u00e9 sociale"}]},{"@type":"WebSite","@id":"https:\/\/www.mathezfreight.com\/fr\/#website","url":"https:\/\/www.mathezfreight.com\/fr\/","name":"MATHEZ FREIGHT","description":"Solutions transport sur mesure, suivies, efficaces","publisher":{"@id":"https:\/\/www.mathezfreight.com\/fr\/#organization"},"alternateName":"MATHEZ TRANSPORTS INTERNATIONAUX","potentialAction":[{"@type":"SearchAction","target":{"@type":"EntryPoint","urlTemplate":"https:\/\/www.mathezfreight.com\/fr\/?s={search_term_string}"},"query-input":{"@type":"PropertyValueSpecification","valueRequired":true,"valueName":"search_term_string"}}],"inLanguage":"fr-FR"},{"@type":"Organization","@id":"https:\/\/www.mathezfreight.com\/fr\/#organization","name":"MATHEZ FREIGHT","alternateName":"MATHEZ TRANSPORTS INTERNATIONAUX","url":"https:\/\/www.mathezfreight.com\/fr\/","logo":{"@type":"ImageObject","inLanguage":"fr-FR","@id":"https:\/\/www.mathezfreight.com\/fr\/#\/schema\/logo\/image\/","url":"https:\/\/www.mathezfreight.com\/wp-content\/uploads\/logo-mathez-freight-400pxw.png","contentUrl":"https:\/\/www.mathezfreight.com\/wp-content\/uploads\/logo-mathez-freight-400pxw.png","width":400,"height":136,"caption":"MATHEZ FREIGHT"},"image":{"@id":"https:\/\/www.mathezfreight.com\/fr\/#\/schema\/logo\/image\/"},"sameAs":["https:\/\/www.facebook.com\/MathezFreight\/","https:\/\/x.com\/MathezFreight","https:\/\/www.linkedin.com\/company\/mathezfreight\/"],"description":"Transitaire fran\u00e7ais, organisateur de transport international: fret a\u00e9rien, fret maritime, commissionnaire en douane agr\u00e9\u00e9 OEA-Full. 17 agences en France sur tous les principaux ports et a\u00e9roports.","email":"web@mathezfreight.com","telephone":"+33.497257825","legalName":"MATHEZ TRANSPORTS INTERNATIONAUX","foundingDate":"1950-01-01","numberOfEmployees":{"@type":"QuantitativeValue","minValue":"51","maxValue":"200"}}]}},"_links":{"self":[{"href":"https:\/\/www.mathezfreight.com\/fr\/wp-json\/wp\/v2\/pages\/27806","targetHints":{"allow":["GET"]}}],"collection":[{"href":"https:\/\/www.mathezfreight.com\/fr\/wp-json\/wp\/v2\/pages"}],"about":[{"href":"https:\/\/www.mathezfreight.com\/fr\/wp-json\/wp\/v2\/types\/page"}],"author":[{"embeddable":true,"href":"https:\/\/www.mathezfreight.com\/fr\/wp-json\/wp\/v2\/users\/1"}],"replies":[{"embeddable":true,"href":"https:\/\/www.mathezfreight.com\/fr\/wp-json\/wp\/v2\/comments?post=27806"}],"version-history":[{"count":9,"href":"https:\/\/www.mathezfreight.com\/fr\/wp-json\/wp\/v2\/pages\/27806\/revisions"}],"predecessor-version":[{"id":66027,"href":"https:\/\/www.mathezfreight.com\/fr\/wp-json\/wp\/v2\/pages\/27806\/revisions\/66027"}],"up":[{"embeddable":true,"href":"https:\/\/www.mathezfreight.com\/fr\/wp-json\/wp\/v2\/pages\/27462"}],"wp:featuredmedia":[{"embeddable":true,"href":"https:\/\/www.mathezfreight.com\/fr\/wp-json\/wp\/v2\/media\/19498"}],"wp:attachment":[{"href":"https:\/\/www.mathezfreight.com\/fr\/wp-json\/wp\/v2\/media?parent=27806"}],"curies":[{"name":"wp","href":"https:\/\/api.w.org\/{rel}","templated":true}]}}