{"id":28815,"date":"2019-04-03T09:47:59","date_gmt":"2019-04-03T09:47:59","guid":{"rendered":"https:\/\/www.mathezfreight.com\/about\/jobs\/"},"modified":"2026-02-02T15:25:24","modified_gmt":"2026-02-02T15:25:24","slug":"jobs","status":"publish","type":"page","link":"https:\/\/www.mathezfreight.com\/en\/about\/jobs\/","title":{"rendered":"Jobs"},"content":{"rendered":"\t\t<div data-elementor-type=\"wp-post\" data-elementor-id=\"28815\" class=\"elementor elementor-28815 elementor-23926\" data-elementor-post-type=\"page\">\n\t\t\t\t\t\t<div class=\"elementor-section elementor-top-section elementor-element elementor-element-0d6564c elementor-section-stretched elementor-section-full_width bg-about elementor-section-height-default elementor-section-height-default default-style elementor-invisible\" data-id=\"0d6564c\" data-element_type=\"section\" data-e-type=\"section\" id=\"mti-page-header\" data-settings=\"{&quot;stretch_section&quot;:&quot;section-stretched&quot;,&quot;animation&quot;:&quot;fadeIn&quot;,&quot;rt_color_sets&quot;:&quot;default-style&quot;}\">\n\t\t\t\t\t\t<div class=\"elementor-container elementor-column-gap-no\">\n\t\t\t\t\t<div class=\"elementor-column elementor-col-100 elementor-top-column elementor-element elementor-element-df05336\" data-id=\"df05336\" data-element_type=\"column\" data-e-type=\"column\">\n\t\t\t<div class=\"elementor-widget-wrap elementor-element-populated\">\n\t\t\t\t\t\t<div class=\"elementor-element elementor-element-f1cafb3 elementor-widget elementor-widget-theme-post-featured-image elementor-widget-image\" data-id=\"f1cafb3\" data-element_type=\"widget\" data-e-type=\"widget\" data-widget_type=\"theme-post-featured-image.default\">\n\t\t\t\t<div class=\"elementor-widget-container\">\n\t\t\t\t\t\t\t\t\t\t\t\t\t\t\t<img decoding=\"async\" width=\"1220\" height=\"406\" src=\"https:\/\/www.mathezfreight.com\/wp-content\/uploads\/photo-jobs-depositphotos-1220x406.jpg\" class=\"attachment-mti-flat-banner size-mti-flat-banner wp-image-31681\" alt=\"\" \/>\t\t\t\t\t\t\t\t\t\t\t\t\t\t\t<\/div>\n\t\t\t\t<\/div>\n\t\t\t\t\t<\/div>\n\t\t<\/div>\n\t\t\t\t\t<\/div>\n\t\t<\/div>\n\t\t\t\t<div class=\"elementor-section elementor-top-section elementor-element elementor-element-de97ee0 excerpt-ontop highlight-about elementor-section-boxed elementor-section-height-default elementor-section-height-default default-style\" data-id=\"de97ee0\" data-element_type=\"section\" data-e-type=\"section\" id=\"mti-page-excerpt\" data-settings=\"{&quot;rt_color_sets&quot;:&quot;default-style&quot;}\">\n\t\t\t\t\t\t<div class=\"elementor-container elementor-column-gap-default\">\n\t\t\t\t\t<div class=\"elementor-column elementor-col-100 elementor-top-column elementor-element elementor-element-e879d18\" data-id=\"e879d18\" data-element_type=\"column\" data-e-type=\"column\">\n\t\t\t<div class=\"elementor-widget-wrap elementor-element-populated\">\n\t\t\t\t\t\t<div class=\"elementor-element elementor-element-072b49f elementor-widget elementor-widget-theme-post-excerpt\" data-id=\"072b49f\" data-element_type=\"widget\" data-e-type=\"widget\" data-widget_type=\"theme-post-excerpt.default\">\n\t\t\t\t<div class=\"elementor-widget-container\">\n\t\t\t\t\tMATHEZ FREIGHT recruits exclusively French-speaking people with a French passport or a valid work permit on French soil. \r\n\t\t\t\t<\/div>\n\t\t\t\t<\/div>\n\t\t\t\t\t<\/div>\n\t\t<\/div>\n\t\t\t\t\t<\/div>\n\t\t<\/div>\n\t\t\t\t<section class=\"elementor-section elementor-top-section elementor-element elementor-element-0602548 elementor-section-boxed elementor-section-height-default elementor-section-height-default default-style\" data-id=\"0602548\" data-element_type=\"section\" data-e-type=\"section\" id=\"mti-jobs-section\" data-settings=\"{&quot;rt_color_sets&quot;:&quot;default-style&quot;}\">\n\t\t\t\t\t\t<div class=\"elementor-container elementor-column-gap-wider\">\n\t\t\t\t\t<div class=\"elementor-column elementor-col-100 elementor-top-column elementor-element elementor-element-3d2f2c8\" data-id=\"3d2f2c8\" data-element_type=\"column\" data-e-type=\"column\">\n\t\t\t<div class=\"elementor-widget-wrap elementor-element-populated\">\n\t\t\t\t\t\t<div class=\"elementor-element elementor-element-ee77eeb elementor-widget elementor-widget-text-editor\" data-id=\"ee77eeb\" data-element_type=\"widget\" data-e-type=\"widget\" id=\"mti-bloc-carrieres\" data-widget_type=\"text-editor.default\">\n\t\t\t\t<div class=\"elementor-widget-container\">\n\t\t\t\t\t\t\t\t\t<p><b>If you do speak French, are a French citizen or hold a valid work permit in France<\/b>, please refer to our French page &#8220;<a href=\"https:\/\/www.mathezfreight.com\/fr\/profil\/emploi\/\">Carri\u00e8res &amp; emploi<\/a>&#8221; to\u00a0 check for opportunities, and apply for a position.\u00a0<\/p>\t\t\t\t\t\t\t\t<\/div>\n\t\t\t\t<\/div>\n\t\t\t\t\t<\/div>\n\t\t<\/div>\n\t\t\t\t\t<\/div>\n\t\t<\/section>\n\t\t\t\t<section class=\"elementor-section elementor-top-section elementor-element elementor-element-8438476 mti-navigation-pages elementor-section-boxed elementor-section-height-default elementor-section-height-default default-style\" data-id=\"8438476\" data-element_type=\"section\" data-e-type=\"section\" data-settings=\"{&quot;rt_color_sets&quot;:&quot;default-style&quot;}\">\n\t\t\t\t\t\t<div class=\"elementor-container elementor-column-gap-default\">\n\t\t\t\t\t<div class=\"elementor-column elementor-col-100 elementor-top-column elementor-element elementor-element-bb2c46e\" data-id=\"bb2c46e\" data-element_type=\"column\" data-e-type=\"column\">\n\t\t\t<div class=\"elementor-widget-wrap elementor-element-populated\">\n\t\t\t\t\t\t<div class=\"elementor-element elementor-element-650d78b elementor-widget elementor-widget-post-navigation\" data-id=\"650d78b\" data-element_type=\"widget\" data-e-type=\"widget\" data-widget_type=\"post-navigation.default\">\n\t\t\t\t<div class=\"elementor-widget-container\">\n\t\t\t\t\t\t\t<div class=\"elementor-post-navigation\" role=\"navigation\" aria-label=\"Post Navigation\">\n\t\t\t<div class=\"elementor-post-navigation__prev elementor-post-navigation__link\">\n\t\t\t\t<a href=\"https:\/\/www.mathezfreight.com\/en\/about\/networks\/\" rel=\"prev\"><span class=\"post-navigation__arrow-wrapper post-navigation__arrow-prev\"><i aria-hidden=\"true\" class=\"fas fa-angle-left\"><\/i><span class=\"elementor-screen-only\">Prev<\/span><\/span><span class=\"elementor-post-navigation__link__prev\"><span class=\"post-navigation__prev--label\">Previous<\/span><span class=\"post-navigation__prev--title\">The world&#8217;s best forwarder&#8217;s networks<\/span><\/span><\/a>\t\t\t<\/div>\n\t\t\t\t\t\t<div class=\"elementor-post-navigation__next elementor-post-navigation__link\">\n\t\t\t\t<a href=\"https:\/\/www.mathezfreight.com\/en\/about\/mathez\/\" rel=\"next\"><span class=\"elementor-post-navigation__link__next\"><span class=\"post-navigation__next--label\">Next<\/span><span class=\"post-navigation__next--title\">MATHEZ FREIGHT &amp; COMPLIANCE \u2013 profile, values, history of the group<\/span><\/span><span class=\"post-navigation__arrow-wrapper post-navigation__arrow-next\"><i aria-hidden=\"true\" class=\"fas fa-angle-right\"><\/i><span class=\"elementor-screen-only\">Next<\/span><\/span><\/a>\t\t\t<\/div>\n\t\t<\/div>\n\t\t\t\t\t\t<\/div>\n\t\t\t\t<\/div>\n\t\t\t\t\t<\/div>\n\t\t<\/div>\n\t\t\t\t\t<\/div>\n\t\t<\/section>\n\t\t\t\t<\/div>\n\t\t","protected":false},"excerpt":{"rendered":"<p>MATHEZ FREIGHT recruits exclusively French-speaking people with a French passport or a valid work permit on French soil. <\/p>\n","protected":false},"author":1,"featured_media":31681,"parent":28184,"menu_order":42,"comment_status":"open","ping_status":"closed","template":"page-mti-a4.php","meta":{"iawp_total_views":263,"footnotes":""},"class_list":["post-28815","page","type-page","status-publish","has-post-thumbnail","hentry"],"yoast_head":"<!-- This site is optimized with the Yoast SEO Premium plugin v27.0 (Yoast SEO v27.1) - https:\/\/yoast.com\/product\/yoast-seo-premium-wordpress\/ -->\n<title>Jobs - MATHEZ FREIGHT<\/title>\n<meta name=\"description\" content=\"MATHEZ FREIGHT et ses filiales recrutent dans les m\u00e9tiers du fret, de la formation, de l&#039;assistance r\u00e9glementaire et de la gestion administrative.\" \/>\n<meta name=\"robots\" content=\"index, follow, max-snippet:-1, max-image-preview:large, max-video-preview:-1\" \/>\n<link rel=\"canonical\" href=\"https:\/\/www.mathezfreight.com\/en\/about\/jobs\/\" \/>\n<meta property=\"og:locale\" content=\"en_US\" \/>\n<meta property=\"og:type\" content=\"article\" \/>\n<meta property=\"og:title\" content=\"Jobs\" \/>\n<meta property=\"og:description\" content=\"MATHEZ FREIGHT et ses filiales recrutent dans les m\u00e9tiers du fret, de la formation, de l&#039;assistance r\u00e9glementaire et de la gestion administrative.\" \/>\n<meta property=\"og:url\" content=\"https:\/\/www.mathezfreight.com\/en\/about\/jobs\/\" \/>\n<meta property=\"og:site_name\" content=\"MATHEZ FREIGHT\" \/>\n<meta property=\"article:publisher\" content=\"https:\/\/www.facebook.com\/MathezFreight\/\" \/>\n<meta property=\"article:modified_time\" content=\"2026-02-02T15:25:24+00:00\" \/>\n<meta property=\"og:image\" content=\"https:\/\/www.mathezfreight.com\/wp-content\/uploads\/photo-jobs-depositphotos.jpg\" \/>\n\t<meta property=\"og:image:width\" content=\"1220\" \/>\n\t<meta property=\"og:image:height\" content=\"700\" \/>\n\t<meta property=\"og:image:type\" content=\"image\/jpeg\" \/>\n<meta name=\"twitter:card\" content=\"summary_large_image\" \/>\n<meta name=\"twitter:description\" content=\"MATHEZ FREIGHT et ses filiales recrutent dans les m\u00e9tiers du fret, de la formation, de l&#039;assistance r\u00e9glementaire et de la gestion administrative.\" \/>\n<meta name=\"twitter:site\" content=\"@MathezFreight\" \/>\n<meta name=\"twitter:label1\" content=\"Est. reading time\" \/>\n\t<meta name=\"twitter:data1\" content=\"1 minute\" \/>\n<script type=\"application\/ld+json\" class=\"yoast-schema-graph\">{\"@context\":\"https:\/\/schema.org\",\"@graph\":[{\"@type\":\"WebPage\",\"@id\":\"https:\/\/www.mathezfreight.com\/en\/about\/jobs\/\",\"url\":\"https:\/\/www.mathezfreight.com\/en\/about\/jobs\/\",\"name\":\"Jobs - MATHEZ FREIGHT\",\"isPartOf\":{\"@id\":\"https:\/\/www.mathezfreight.com\/en\/#website\"},\"primaryImageOfPage\":{\"@id\":\"https:\/\/www.mathezfreight.com\/en\/about\/jobs\/#primaryimage\"},\"image\":{\"@id\":\"https:\/\/www.mathezfreight.com\/en\/about\/jobs\/#primaryimage\"},\"thumbnailUrl\":\"https:\/\/www.mathezfreight.com\/wp-content\/uploads\/photo-jobs-depositphotos.jpg\",\"datePublished\":\"2019-04-03T09:47:59+00:00\",\"dateModified\":\"2026-02-02T15:25:24+00:00\",\"description\":\"MATHEZ FREIGHT et ses filiales recrutent dans les m\u00e9tiers du fret, de la formation, de l'assistance r\u00e9glementaire et de la gestion administrative.\",\"breadcrumb\":{\"@id\":\"https:\/\/www.mathezfreight.com\/en\/about\/jobs\/#breadcrumb\"},\"inLanguage\":\"en-US\",\"potentialAction\":[{\"@type\":\"ReadAction\",\"target\":[\"https:\/\/www.mathezfreight.com\/en\/about\/jobs\/\"]}]},{\"@type\":\"ImageObject\",\"inLanguage\":\"en-US\",\"@id\":\"https:\/\/www.mathezfreight.com\/en\/about\/jobs\/#primaryimage\",\"url\":\"https:\/\/www.mathezfreight.com\/wp-content\/uploads\/photo-jobs-depositphotos.jpg\",\"contentUrl\":\"https:\/\/www.mathezfreight.com\/wp-content\/uploads\/photo-jobs-depositphotos.jpg\",\"width\":1220,\"height\":700},{\"@type\":\"BreadcrumbList\",\"@id\":\"https:\/\/www.mathezfreight.com\/en\/about\/jobs\/#breadcrumb\",\"itemListElement\":[{\"@type\":\"ListItem\",\"position\":1,\"name\":\"Home\",\"item\":\"https:\/\/www.mathezfreight.com\/en\/home\/\"},{\"@type\":\"ListItem\",\"position\":2,\"name\":\"About\",\"item\":\"https:\/\/www.mathezfreight.com\/en\/about\/\"},{\"@type\":\"ListItem\",\"position\":3,\"name\":\"Jobs\"}]},{\"@type\":\"WebSite\",\"@id\":\"https:\/\/www.mathezfreight.com\/en\/#website\",\"url\":\"https:\/\/www.mathezfreight.com\/en\/\",\"name\":\"MATHEZ FREIGHT\",\"description\":\"Solutions transport sur mesure, suivies, efficaces\",\"publisher\":{\"@id\":\"https:\/\/www.mathezfreight.com\/en\/#organization\"},\"alternateName\":\"MATHEZ TRANSPORTS INTERNATIONAUX\",\"potentialAction\":[{\"@type\":\"SearchAction\",\"target\":{\"@type\":\"EntryPoint\",\"urlTemplate\":\"https:\/\/www.mathezfreight.com\/en\/?s={search_term_string}\"},\"query-input\":{\"@type\":\"PropertyValueSpecification\",\"valueRequired\":true,\"valueName\":\"search_term_string\"}}],\"inLanguage\":\"en-US\"},{\"@type\":\"Organization\",\"@id\":\"https:\/\/www.mathezfreight.com\/en\/#organization\",\"name\":\"MATHEZ FREIGHT\",\"alternateName\":\"MATHEZ TRANSPORTS INTERNATIONAUX\",\"url\":\"https:\/\/www.mathezfreight.com\/en\/\",\"logo\":{\"@type\":\"ImageObject\",\"inLanguage\":\"en-US\",\"@id\":\"https:\/\/www.mathezfreight.com\/en\/#\/schema\/logo\/image\/\",\"url\":\"https:\/\/www.mathezfreight.com\/wp-content\/uploads\/logo-mathez-freight-400pxw.png\",\"contentUrl\":\"https:\/\/www.mathezfreight.com\/wp-content\/uploads\/logo-mathez-freight-400pxw.png\",\"width\":400,\"height\":136,\"caption\":\"MATHEZ FREIGHT\"},\"image\":{\"@id\":\"https:\/\/www.mathezfreight.com\/en\/#\/schema\/logo\/image\/\"},\"sameAs\":[\"https:\/\/www.facebook.com\/MathezFreight\/\",\"https:\/\/x.com\/MathezFreight\",\"https:\/\/www.linkedin.com\/company\/mathezfreight\/\"],\"description\":\"Transitaire fran\u00e7ais, organisateur de transport international: fret a\u00e9rien, fret maritime, commissionnaire en douane agr\u00e9\u00e9 OEA-Full. 17 agences en France sur tous les principaux ports et a\u00e9roports.\",\"email\":\"web@mathezfreight.com\",\"telephone\":\"+33.497257825\",\"legalName\":\"MATHEZ TRANSPORTS INTERNATIONAUX\",\"foundingDate\":\"1950-01-01\",\"numberOfEmployees\":{\"@type\":\"QuantitativeValue\",\"minValue\":\"51\",\"maxValue\":\"200\"}}]}<\/script>\n<!-- \/ Yoast SEO Premium plugin. -->","yoast_head_json":{"title":"Jobs - MATHEZ FREIGHT","description":"MATHEZ FREIGHT et ses filiales recrutent dans les m\u00e9tiers du fret, de la formation, de l'assistance r\u00e9glementaire et de la gestion administrative.","robots":{"index":"index","follow":"follow","max-snippet":"max-snippet:-1","max-image-preview":"max-image-preview:large","max-video-preview":"max-video-preview:-1"},"canonical":"https:\/\/www.mathezfreight.com\/en\/about\/jobs\/","og_locale":"en_US","og_type":"article","og_title":"Jobs","og_description":"MATHEZ FREIGHT et ses filiales recrutent dans les m\u00e9tiers du fret, de la formation, de l'assistance r\u00e9glementaire et de la gestion administrative.","og_url":"https:\/\/www.mathezfreight.com\/en\/about\/jobs\/","og_site_name":"MATHEZ FREIGHT","article_publisher":"https:\/\/www.facebook.com\/MathezFreight\/","article_modified_time":"2026-02-02T15:25:24+00:00","og_image":[{"width":1220,"height":700,"url":"https:\/\/www.mathezfreight.com\/wp-content\/uploads\/photo-jobs-depositphotos.jpg","type":"image\/jpeg"}],"twitter_card":"summary_large_image","twitter_description":"MATHEZ FREIGHT et ses filiales recrutent dans les m\u00e9tiers du fret, de la formation, de l'assistance r\u00e9glementaire et de la gestion administrative.","twitter_site":"@MathezFreight","twitter_misc":{"Est. reading time":"1 minute"},"schema":{"@context":"https:\/\/schema.org","@graph":[{"@type":"WebPage","@id":"https:\/\/www.mathezfreight.com\/en\/about\/jobs\/","url":"https:\/\/www.mathezfreight.com\/en\/about\/jobs\/","name":"Jobs - MATHEZ FREIGHT","isPartOf":{"@id":"https:\/\/www.mathezfreight.com\/en\/#website"},"primaryImageOfPage":{"@id":"https:\/\/www.mathezfreight.com\/en\/about\/jobs\/#primaryimage"},"image":{"@id":"https:\/\/www.mathezfreight.com\/en\/about\/jobs\/#primaryimage"},"thumbnailUrl":"https:\/\/www.mathezfreight.com\/wp-content\/uploads\/photo-jobs-depositphotos.jpg","datePublished":"2019-04-03T09:47:59+00:00","dateModified":"2026-02-02T15:25:24+00:00","description":"MATHEZ FREIGHT et ses filiales recrutent dans les m\u00e9tiers du fret, de la formation, de l'assistance r\u00e9glementaire et de la gestion administrative.","breadcrumb":{"@id":"https:\/\/www.mathezfreight.com\/en\/about\/jobs\/#breadcrumb"},"inLanguage":"en-US","potentialAction":[{"@type":"ReadAction","target":["https:\/\/www.mathezfreight.com\/en\/about\/jobs\/"]}]},{"@type":"ImageObject","inLanguage":"en-US","@id":"https:\/\/www.mathezfreight.com\/en\/about\/jobs\/#primaryimage","url":"https:\/\/www.mathezfreight.com\/wp-content\/uploads\/photo-jobs-depositphotos.jpg","contentUrl":"https:\/\/www.mathezfreight.com\/wp-content\/uploads\/photo-jobs-depositphotos.jpg","width":1220,"height":700},{"@type":"BreadcrumbList","@id":"https:\/\/www.mathezfreight.com\/en\/about\/jobs\/#breadcrumb","itemListElement":[{"@type":"ListItem","position":1,"name":"Home","item":"https:\/\/www.mathezfreight.com\/en\/home\/"},{"@type":"ListItem","position":2,"name":"About","item":"https:\/\/www.mathezfreight.com\/en\/about\/"},{"@type":"ListItem","position":3,"name":"Jobs"}]},{"@type":"WebSite","@id":"https:\/\/www.mathezfreight.com\/en\/#website","url":"https:\/\/www.mathezfreight.com\/en\/","name":"MATHEZ FREIGHT","description":"Solutions transport sur mesure, suivies, efficaces","publisher":{"@id":"https:\/\/www.mathezfreight.com\/en\/#organization"},"alternateName":"MATHEZ TRANSPORTS INTERNATIONAUX","potentialAction":[{"@type":"SearchAction","target":{"@type":"EntryPoint","urlTemplate":"https:\/\/www.mathezfreight.com\/en\/?s={search_term_string}"},"query-input":{"@type":"PropertyValueSpecification","valueRequired":true,"valueName":"search_term_string"}}],"inLanguage":"en-US"},{"@type":"Organization","@id":"https:\/\/www.mathezfreight.com\/en\/#organization","name":"MATHEZ FREIGHT","alternateName":"MATHEZ TRANSPORTS INTERNATIONAUX","url":"https:\/\/www.mathezfreight.com\/en\/","logo":{"@type":"ImageObject","inLanguage":"en-US","@id":"https:\/\/www.mathezfreight.com\/en\/#\/schema\/logo\/image\/","url":"https:\/\/www.mathezfreight.com\/wp-content\/uploads\/logo-mathez-freight-400pxw.png","contentUrl":"https:\/\/www.mathezfreight.com\/wp-content\/uploads\/logo-mathez-freight-400pxw.png","width":400,"height":136,"caption":"MATHEZ FREIGHT"},"image":{"@id":"https:\/\/www.mathezfreight.com\/en\/#\/schema\/logo\/image\/"},"sameAs":["https:\/\/www.facebook.com\/MathezFreight\/","https:\/\/x.com\/MathezFreight","https:\/\/www.linkedin.com\/company\/mathezfreight\/"],"description":"Transitaire fran\u00e7ais, organisateur de transport international: fret a\u00e9rien, fret maritime, commissionnaire en douane agr\u00e9\u00e9 OEA-Full. 17 agences en France sur tous les principaux ports et a\u00e9roports.","email":"web@mathezfreight.com","telephone":"+33.497257825","legalName":"MATHEZ TRANSPORTS INTERNATIONAUX","foundingDate":"1950-01-01","numberOfEmployees":{"@type":"QuantitativeValue","minValue":"51","maxValue":"200"}}]}},"_links":{"self":[{"href":"https:\/\/www.mathezfreight.com\/en\/wp-json\/wp\/v2\/pages\/28815","targetHints":{"allow":["GET"]}}],"collection":[{"href":"https:\/\/www.mathezfreight.com\/en\/wp-json\/wp\/v2\/pages"}],"about":[{"href":"https:\/\/www.mathezfreight.com\/en\/wp-json\/wp\/v2\/types\/page"}],"author":[{"embeddable":true,"href":"https:\/\/www.mathezfreight.com\/en\/wp-json\/wp\/v2\/users\/1"}],"replies":[{"embeddable":true,"href":"https:\/\/www.mathezfreight.com\/en\/wp-json\/wp\/v2\/comments?post=28815"}],"version-history":[{"count":0,"href":"https:\/\/www.mathezfreight.com\/en\/wp-json\/wp\/v2\/pages\/28815\/revisions"}],"up":[{"embeddable":true,"href":"https:\/\/www.mathezfreight.com\/en\/wp-json\/wp\/v2\/pages\/28184"}],"wp:featuredmedia":[{"embeddable":true,"href":"https:\/\/www.mathezfreight.com\/en\/wp-json\/wp\/v2\/media\/31681"}],"wp:attachment":[{"href":"https:\/\/www.mathezfreight.com\/en\/wp-json\/wp\/v2\/media?parent=28815"}],"curies":[{"name":"wp","href":"https:\/\/api.w.org\/{rel}","templated":true}]}}