{"id":27808,"date":"2019-06-21T16:27:36","date_gmt":"2019-06-21T16:27:36","guid":{"rendered":"https:\/\/www.mathezfreight.com\/home\/flow-flow-wall\/"},"modified":"2024-10-31T16:43:28","modified_gmt":"2024-10-31T16:43:28","slug":"social","status":"publish","type":"page","link":"https:\/\/www.mathezfreight.com\/en\/practical\/social\/","title":{"rendered":"Social Wall"},"content":{"rendered":"\t\t<div data-elementor-type=\"wp-page\" data-elementor-id=\"27808\" class=\"elementor elementor-27808 elementor-27806\" data-elementor-post-type=\"page\">\n\t\t\t\t\t\t<section class=\"elementor-section elementor-top-section elementor-element elementor-element-995b8ec elementor-section-boxed elementor-section-height-default elementor-section-height-default default-style\" data-id=\"995b8ec\" data-element_type=\"section\" data-e-type=\"section\" data-settings=\"{&quot;rt_color_sets&quot;:&quot;default-style&quot;}\">\n\t\t\t\t\t\t<div class=\"elementor-container elementor-column-gap-default\">\n\t\t\t\t\t<div class=\"elementor-column elementor-col-100 elementor-top-column elementor-element elementor-element-2297e3e\" data-id=\"2297e3e\" data-element_type=\"column\" data-e-type=\"column\">\n\t\t\t<div class=\"elementor-widget-wrap elementor-element-populated\">\n\t\t\t\t\t\t<div class=\"elementor-element elementor-element-0b8944a elementor-shape-circle e-grid-align-right elementor-grid-0 elementor-widget elementor-widget-social-icons\" data-id=\"0b8944a\" data-element_type=\"widget\" data-e-type=\"widget\" data-widget_type=\"social-icons.default\">\n\t\t\t\t<div class=\"elementor-widget-container\">\n\t\t\t\t\t\t\t<div class=\"elementor-social-icons-wrapper elementor-grid\" role=\"list\">\n\t\t\t\t\t\t\t<span class=\"elementor-grid-item\" role=\"listitem\">\n\t\t\t\t\t<a class=\"elementor-icon elementor-social-icon elementor-social-icon-linkedin elementor-repeater-item-6028c59\" href=\"https:\/\/www.linkedin.com\/company\/mathezfreight\/\" target=\"_blank\">\n\t\t\t\t\t\t<span class=\"elementor-screen-only\">Linkedin<\/span>\n\t\t\t\t\t\t<i aria-hidden=\"true\" class=\"fab fa-linkedin\"><\/i>\t\t\t\t\t<\/a>\n\t\t\t\t<\/span>\n\t\t\t\t\t\t\t<span class=\"elementor-grid-item\" role=\"listitem\">\n\t\t\t\t\t<a class=\"elementor-icon elementor-social-icon elementor-social-icon-facebook elementor-repeater-item-1d5c8bb\" href=\"https:\/\/www.facebook.com\/MathezFreight\/\" target=\"_blank\">\n\t\t\t\t\t\t<span class=\"elementor-screen-only\">Facebook<\/span>\n\t\t\t\t\t\t<i aria-hidden=\"true\" class=\"fab fa-facebook\"><\/i>\t\t\t\t\t<\/a>\n\t\t\t\t<\/span>\n\t\t\t\t\t<\/div>\n\t\t\t\t\t\t<\/div>\n\t\t\t\t<\/div>\n\t\t\t\t<div class=\"elementor-element elementor-element-bbb4288 elementor-widget elementor-widget-html\" data-id=\"bbb4288\" data-element_type=\"widget\" data-e-type=\"widget\" data-widget_type=\"html.default\">\n\t\t\t\t<div class=\"elementor-widget-container\">\n\t\t\t\t\t<iframe loading=\"lazy\" src=\"https:\/\/widgets.sociablekit.com\/linkedin-page-posts\/iframe\/25482134\" frameborder=\"0\" width=\"100%\" height=\"2000\"><\/iframe>\t\t\t\t<\/div>\n\t\t\t\t<\/div>\n\t\t\t\t<div class=\"elementor-element elementor-element-58e5f12 elementor-widget elementor-widget-text-editor\" data-id=\"58e5f12\" data-element_type=\"widget\" data-e-type=\"widget\" data-widget_type=\"text-editor.default\">\n\t\t\t\t<div class=\"elementor-widget-container\">\n\t\t\t\t\t\t\t\t\t<p style=\"text-align: right;\">Admin <a href=\"https:\/\/www.sociablekit.com\/app\/users\/widgets\/index\">Sociable Kit<\/a><\/p>\n\t\t\t\t\t\t\t\t<\/div>\n\t\t\t\t<\/div>\n\t\t\t\t\t<\/div>\n\t\t<\/div>\n\t\t\t\t\t<\/div>\n\t\t<\/section>\n\t\t\t\t<\/div>\n\t\t","protected":false},"excerpt":{"rendered":"<p>Our social media updates at a glance<\/p>\n","protected":false},"author":1,"featured_media":19499,"parent":27466,"menu_order":102,"comment_status":"closed","ping_status":"closed","template":"page-mti-a4-noshadow.php","meta":{"iawp_total_views":27,"footnotes":""},"class_list":["post-27808","page","type-page","status-publish","has-post-thumbnail","hentry"],"yoast_head":"<!-- This site is optimized with the Yoast SEO Premium plugin v27.0 (Yoast SEO v27.1) - https:\/\/yoast.com\/product\/yoast-seo-premium-wordpress\/ -->\n<title>Social Wall - MATHEZ FREIGHT<\/title>\n<meta name=\"description\" content=\"Our social media updates at a glance\" \/>\n<meta name=\"robots\" content=\"index, follow, max-snippet:-1, max-image-preview:large, max-video-preview:-1\" \/>\n<link rel=\"canonical\" href=\"https:\/\/www.mathezfreight.com\/en\/practical\/social\/\" \/>\n<meta property=\"og:locale\" content=\"en_US\" \/>\n<meta property=\"og:type\" content=\"article\" \/>\n<meta property=\"og:title\" content=\"Social Wall\" \/>\n<meta property=\"og:description\" content=\"Our social media updates at a glance\" \/>\n<meta property=\"og:url\" content=\"https:\/\/www.mathezfreight.com\/en\/practical\/social\/\" \/>\n<meta property=\"og:site_name\" content=\"MATHEZ FREIGHT\" \/>\n<meta property=\"article:publisher\" content=\"https:\/\/www.facebook.com\/MathezFreight\/\" \/>\n<meta property=\"article:modified_time\" content=\"2024-10-31T16:43:28+00:00\" \/>\n<meta property=\"og:image\" content=\"https:\/\/www.mathezfreight.com\/wp-content\/uploads\/icon-social-media.png\" \/>\n\t<meta property=\"og:image:width\" content=\"750\" \/>\n\t<meta property=\"og:image:height\" content=\"500\" \/>\n\t<meta property=\"og:image:type\" content=\"image\/png\" \/>\n<meta name=\"twitter:card\" content=\"summary_large_image\" \/>\n<meta name=\"twitter:site\" content=\"@MathezFreight\" \/>\n<script type=\"application\/ld+json\" class=\"yoast-schema-graph\">{\"@context\":\"https:\/\/schema.org\",\"@graph\":[{\"@type\":\"WebPage\",\"@id\":\"https:\/\/www.mathezfreight.com\/en\/practical\/social\/\",\"url\":\"https:\/\/www.mathezfreight.com\/en\/practical\/social\/\",\"name\":\"Social Wall - MATHEZ FREIGHT\",\"isPartOf\":{\"@id\":\"https:\/\/www.mathezfreight.com\/en\/#website\"},\"primaryImageOfPage\":{\"@id\":\"https:\/\/www.mathezfreight.com\/en\/practical\/social\/#primaryimage\"},\"image\":{\"@id\":\"https:\/\/www.mathezfreight.com\/en\/practical\/social\/#primaryimage\"},\"thumbnailUrl\":\"https:\/\/www.mathezfreight.com\/wp-content\/uploads\/icon-social-media.png\",\"datePublished\":\"2019-06-21T16:27:36+00:00\",\"dateModified\":\"2024-10-31T16:43:28+00:00\",\"description\":\"Our social media updates at a glance\",\"breadcrumb\":{\"@id\":\"https:\/\/www.mathezfreight.com\/en\/practical\/social\/#breadcrumb\"},\"inLanguage\":\"en-US\",\"potentialAction\":[{\"@type\":\"ReadAction\",\"target\":[\"https:\/\/www.mathezfreight.com\/en\/practical\/social\/\"]}]},{\"@type\":\"ImageObject\",\"inLanguage\":\"en-US\",\"@id\":\"https:\/\/www.mathezfreight.com\/en\/practical\/social\/#primaryimage\",\"url\":\"https:\/\/www.mathezfreight.com\/wp-content\/uploads\/icon-social-media.png\",\"contentUrl\":\"https:\/\/www.mathezfreight.com\/wp-content\/uploads\/icon-social-media.png\",\"width\":750,\"height\":500,\"caption\":\"Social wall\"},{\"@type\":\"BreadcrumbList\",\"@id\":\"https:\/\/www.mathezfreight.com\/en\/practical\/social\/#breadcrumb\",\"itemListElement\":[{\"@type\":\"ListItem\",\"position\":1,\"name\":\"Home\",\"item\":\"https:\/\/www.mathezfreight.com\/en\/home\/\"},{\"@type\":\"ListItem\",\"position\":2,\"name\":\"Practical\",\"item\":\"https:\/\/www.mathezfreight.com\/en\/practical\/\"},{\"@type\":\"ListItem\",\"position\":3,\"name\":\"Social wall\"}]},{\"@type\":\"WebSite\",\"@id\":\"https:\/\/www.mathezfreight.com\/en\/#website\",\"url\":\"https:\/\/www.mathezfreight.com\/en\/\",\"name\":\"MATHEZ FREIGHT\",\"description\":\"Solutions transport sur mesure, suivies, efficaces\",\"publisher\":{\"@id\":\"https:\/\/www.mathezfreight.com\/en\/#organization\"},\"alternateName\":\"MATHEZ TRANSPORTS INTERNATIONAUX\",\"potentialAction\":[{\"@type\":\"SearchAction\",\"target\":{\"@type\":\"EntryPoint\",\"urlTemplate\":\"https:\/\/www.mathezfreight.com\/en\/?s={search_term_string}\"},\"query-input\":{\"@type\":\"PropertyValueSpecification\",\"valueRequired\":true,\"valueName\":\"search_term_string\"}}],\"inLanguage\":\"en-US\"},{\"@type\":\"Organization\",\"@id\":\"https:\/\/www.mathezfreight.com\/en\/#organization\",\"name\":\"MATHEZ FREIGHT\",\"alternateName\":\"MATHEZ TRANSPORTS INTERNATIONAUX\",\"url\":\"https:\/\/www.mathezfreight.com\/en\/\",\"logo\":{\"@type\":\"ImageObject\",\"inLanguage\":\"en-US\",\"@id\":\"https:\/\/www.mathezfreight.com\/en\/#\/schema\/logo\/image\/\",\"url\":\"https:\/\/www.mathezfreight.com\/wp-content\/uploads\/logo-mathez-freight-400pxw.png\",\"contentUrl\":\"https:\/\/www.mathezfreight.com\/wp-content\/uploads\/logo-mathez-freight-400pxw.png\",\"width\":400,\"height\":136,\"caption\":\"MATHEZ FREIGHT\"},\"image\":{\"@id\":\"https:\/\/www.mathezfreight.com\/en\/#\/schema\/logo\/image\/\"},\"sameAs\":[\"https:\/\/www.facebook.com\/MathezFreight\/\",\"https:\/\/x.com\/MathezFreight\",\"https:\/\/www.linkedin.com\/company\/mathezfreight\/\"],\"description\":\"Transitaire fran\u00e7ais, organisateur de transport international: fret a\u00e9rien, fret maritime, commissionnaire en douane agr\u00e9\u00e9 OEA-Full. 17 agences en France sur tous les principaux ports et a\u00e9roports.\",\"email\":\"web@mathezfreight.com\",\"telephone\":\"+33.497257825\",\"legalName\":\"MATHEZ TRANSPORTS INTERNATIONAUX\",\"foundingDate\":\"1950-01-01\",\"numberOfEmployees\":{\"@type\":\"QuantitativeValue\",\"minValue\":\"51\",\"maxValue\":\"200\"}}]}<\/script>\n<!-- \/ Yoast SEO Premium plugin. -->","yoast_head_json":{"title":"Social Wall - MATHEZ FREIGHT","description":"Our social media updates at a glance","robots":{"index":"index","follow":"follow","max-snippet":"max-snippet:-1","max-image-preview":"max-image-preview:large","max-video-preview":"max-video-preview:-1"},"canonical":"https:\/\/www.mathezfreight.com\/en\/practical\/social\/","og_locale":"en_US","og_type":"article","og_title":"Social Wall","og_description":"Our social media updates at a glance","og_url":"https:\/\/www.mathezfreight.com\/en\/practical\/social\/","og_site_name":"MATHEZ FREIGHT","article_publisher":"https:\/\/www.facebook.com\/MathezFreight\/","article_modified_time":"2024-10-31T16:43:28+00:00","og_image":[{"width":750,"height":500,"url":"https:\/\/www.mathezfreight.com\/wp-content\/uploads\/icon-social-media.png","type":"image\/png"}],"twitter_card":"summary_large_image","twitter_site":"@MathezFreight","schema":{"@context":"https:\/\/schema.org","@graph":[{"@type":"WebPage","@id":"https:\/\/www.mathezfreight.com\/en\/practical\/social\/","url":"https:\/\/www.mathezfreight.com\/en\/practical\/social\/","name":"Social Wall - MATHEZ FREIGHT","isPartOf":{"@id":"https:\/\/www.mathezfreight.com\/en\/#website"},"primaryImageOfPage":{"@id":"https:\/\/www.mathezfreight.com\/en\/practical\/social\/#primaryimage"},"image":{"@id":"https:\/\/www.mathezfreight.com\/en\/practical\/social\/#primaryimage"},"thumbnailUrl":"https:\/\/www.mathezfreight.com\/wp-content\/uploads\/icon-social-media.png","datePublished":"2019-06-21T16:27:36+00:00","dateModified":"2024-10-31T16:43:28+00:00","description":"Our social media updates at a glance","breadcrumb":{"@id":"https:\/\/www.mathezfreight.com\/en\/practical\/social\/#breadcrumb"},"inLanguage":"en-US","potentialAction":[{"@type":"ReadAction","target":["https:\/\/www.mathezfreight.com\/en\/practical\/social\/"]}]},{"@type":"ImageObject","inLanguage":"en-US","@id":"https:\/\/www.mathezfreight.com\/en\/practical\/social\/#primaryimage","url":"https:\/\/www.mathezfreight.com\/wp-content\/uploads\/icon-social-media.png","contentUrl":"https:\/\/www.mathezfreight.com\/wp-content\/uploads\/icon-social-media.png","width":750,"height":500,"caption":"Social wall"},{"@type":"BreadcrumbList","@id":"https:\/\/www.mathezfreight.com\/en\/practical\/social\/#breadcrumb","itemListElement":[{"@type":"ListItem","position":1,"name":"Home","item":"https:\/\/www.mathezfreight.com\/en\/home\/"},{"@type":"ListItem","position":2,"name":"Practical","item":"https:\/\/www.mathezfreight.com\/en\/practical\/"},{"@type":"ListItem","position":3,"name":"Social wall"}]},{"@type":"WebSite","@id":"https:\/\/www.mathezfreight.com\/en\/#website","url":"https:\/\/www.mathezfreight.com\/en\/","name":"MATHEZ FREIGHT","description":"Solutions transport sur mesure, suivies, efficaces","publisher":{"@id":"https:\/\/www.mathezfreight.com\/en\/#organization"},"alternateName":"MATHEZ TRANSPORTS INTERNATIONAUX","potentialAction":[{"@type":"SearchAction","target":{"@type":"EntryPoint","urlTemplate":"https:\/\/www.mathezfreight.com\/en\/?s={search_term_string}"},"query-input":{"@type":"PropertyValueSpecification","valueRequired":true,"valueName":"search_term_string"}}],"inLanguage":"en-US"},{"@type":"Organization","@id":"https:\/\/www.mathezfreight.com\/en\/#organization","name":"MATHEZ FREIGHT","alternateName":"MATHEZ TRANSPORTS INTERNATIONAUX","url":"https:\/\/www.mathezfreight.com\/en\/","logo":{"@type":"ImageObject","inLanguage":"en-US","@id":"https:\/\/www.mathezfreight.com\/en\/#\/schema\/logo\/image\/","url":"https:\/\/www.mathezfreight.com\/wp-content\/uploads\/logo-mathez-freight-400pxw.png","contentUrl":"https:\/\/www.mathezfreight.com\/wp-content\/uploads\/logo-mathez-freight-400pxw.png","width":400,"height":136,"caption":"MATHEZ FREIGHT"},"image":{"@id":"https:\/\/www.mathezfreight.com\/en\/#\/schema\/logo\/image\/"},"sameAs":["https:\/\/www.facebook.com\/MathezFreight\/","https:\/\/x.com\/MathezFreight","https:\/\/www.linkedin.com\/company\/mathezfreight\/"],"description":"Transitaire fran\u00e7ais, organisateur de transport international: fret a\u00e9rien, fret maritime, commissionnaire en douane agr\u00e9\u00e9 OEA-Full. 17 agences en France sur tous les principaux ports et a\u00e9roports.","email":"web@mathezfreight.com","telephone":"+33.497257825","legalName":"MATHEZ TRANSPORTS INTERNATIONAUX","foundingDate":"1950-01-01","numberOfEmployees":{"@type":"QuantitativeValue","minValue":"51","maxValue":"200"}}]}},"_links":{"self":[{"href":"https:\/\/www.mathezfreight.com\/en\/wp-json\/wp\/v2\/pages\/27808","targetHints":{"allow":["GET"]}}],"collection":[{"href":"https:\/\/www.mathezfreight.com\/en\/wp-json\/wp\/v2\/pages"}],"about":[{"href":"https:\/\/www.mathezfreight.com\/en\/wp-json\/wp\/v2\/types\/page"}],"author":[{"embeddable":true,"href":"https:\/\/www.mathezfreight.com\/en\/wp-json\/wp\/v2\/users\/1"}],"replies":[{"embeddable":true,"href":"https:\/\/www.mathezfreight.com\/en\/wp-json\/wp\/v2\/comments?post=27808"}],"version-history":[{"count":0,"href":"https:\/\/www.mathezfreight.com\/en\/wp-json\/wp\/v2\/pages\/27808\/revisions"}],"up":[{"embeddable":true,"href":"https:\/\/www.mathezfreight.com\/en\/wp-json\/wp\/v2\/pages\/27466"}],"wp:featuredmedia":[{"embeddable":true,"href":"https:\/\/www.mathezfreight.com\/en\/wp-json\/wp\/v2\/media\/19499"}],"wp:attachment":[{"href":"https:\/\/www.mathezfreight.com\/en\/wp-json\/wp\/v2\/media?parent=27808"}],"curies":[{"name":"wp","href":"https:\/\/api.w.org\/{rel}","templated":true}]}}