{"id":27266,"date":"2018-07-16T14:48:22","date_gmt":"2018-07-16T14:48:22","guid":{"rendered":"https:\/\/www.mathezfreight.com\/solutions__trashed\/industries\/"},"modified":"2026-02-04T17:11:22","modified_gmt":"2026-02-04T17:11:22","slug":"industries","status":"publish","type":"page","link":"https:\/\/www.mathezfreight.com\/en\/solutions\/industries\/","title":{"rendered":"Solutions for industry"},"content":{"rendered":"\t\t<div data-elementor-type=\"wp-post\" data-elementor-id=\"27266\" class=\"elementor elementor-27266 elementor-12839\" data-elementor-post-type=\"page\">\n\t\t\t\t\t\t<section class=\"elementor-section elementor-top-section elementor-element elementor-element-49b35026 highlight-secteur  elementor-section-boxed elementor-section-height-default elementor-section-height-default default-style\" data-id=\"49b35026\" data-element_type=\"section\" data-e-type=\"section\" id=\"mti-page-excerpt\" data-settings=\"{&quot;rt_color_sets&quot;:&quot;default-style&quot;}\">\n\t\t\t\t\t\t<div class=\"elementor-container elementor-column-gap-default\">\n\t\t\t\t\t<div class=\"elementor-column elementor-col-100 elementor-top-column elementor-element elementor-element-196095f8\" data-id=\"196095f8\" data-element_type=\"column\" data-e-type=\"column\">\n\t\t\t<div class=\"elementor-widget-wrap elementor-element-populated\">\n\t\t\t\t\t\t<div class=\"elementor-element elementor-element-c9b8e55 elementor-widget elementor-widget-theme-post-excerpt\" data-id=\"c9b8e55\" data-element_type=\"widget\" data-e-type=\"widget\" data-widget_type=\"theme-post-excerpt.default\">\n\t\t\t\t<div class=\"elementor-widget-container\">\n\t\t\t\t\tWhether it's aeronautics, industry, textiles, cosmetics and perfumes, e-commerce, dental sector: your freight agent knows your business, and can advise you to optimize your international shipping.\t\t\t\t<\/div>\n\t\t\t\t<\/div>\n\t\t\t\t\t<\/div>\n\t\t<\/div>\n\t\t\t\t\t<\/div>\n\t\t<\/section>\n\t\t\t\t<section class=\"elementor-section elementor-top-section elementor-element elementor-element-384b93d7 bg-grey elementor-section-boxed elementor-section-height-default elementor-section-height-default default-style elementor-invisible\" data-id=\"384b93d7\" data-element_type=\"section\" data-e-type=\"section\" id=\"mti-portfolio-grid\" data-settings=\"{&quot;background_background&quot;:&quot;classic&quot;,&quot;animation&quot;:&quot;fadeIn&quot;,&quot;rt_color_sets&quot;:&quot;default-style&quot;}\">\n\t\t\t\t\t\t<div class=\"elementor-container elementor-column-gap-default\">\n\t\t\t\t\t<div class=\"elementor-column elementor-col-100 elementor-top-column elementor-element elementor-element-72e959a2\" data-id=\"72e959a2\" data-element_type=\"column\" data-e-type=\"column\">\n\t\t\t<div class=\"elementor-widget-wrap elementor-element-populated\">\n\t\t\t\t\t\t<div class=\"elementor-element elementor-element-3a0ad3c elementor-widget elementor-widget-rt-portfolio\" data-id=\"3a0ad3c\" data-element_type=\"widget\" data-e-type=\"widget\" data-widget_type=\"rt-portfolio.default\">\n\t\t\t\t<div class=\"elementor-widget-container\">\n\t\t\t\t\t\n<div id=\"portfolio-dynamicID-704906\" class=\"portfolio_list rt-gallery fixed_heights clearfix grid-gallery\" data-column-width=\"4\">\n<div class=\"row fixed_heights clearfix\">\n<div class=\"col col-sm-3   portfolio-16\">\n \n\n<!-- portfolio box-->\n<div class=\"loop style-1 hover-2  post-27477 portfolio type-portfolio status-publish has-post-thumbnail hentry portfolio_categories-industrial\" id=\"portfolio-27477\">\n\n\t<div class=\"portfolio-loop-item-wrapper\">\n\t\t \n\t\t\t\t\t<figure class=\"image-thumbnail\">\n\t\t\t\t\t\t<a href=\"https:\/\/www.mathezfreight.com\/en\/solutions\/freight\/aog\/\" target=\"_self\" title=\"Aero, AOG &amp; Aviation Logistics : MATHEZ FREIGHT AEROSPACE\"><img decoding=\"async\" src=\"https:\/\/www.mathezfreight.com\/wp-content\/uploads\/photo-aerospace-roue-depositphoto-500x333.jpg\" alt=\"AOG shipments &amp; aero parts logistics\" class=\"\" width=\"500\" height=\"333\" \/><\/a>\n\t\t\t\t\t<\/figure>\n\n\t\t\t\t\t<section class=\"text\">\n\t\t\t\t\t\t\n\t\t\t\t\t\t<h5 class=\"title\"><a href=\"https:\/\/www.mathezfreight.com\/en\/solutions\/freight\/aog\/\" target=\"_self\" rel=\"bookmark\">Aero, AOG &amp; Aviation Logistics : MATHEZ FREIGHT AEROSPACE<\/a><\/h5>\n\t\t\t\t\t\t\n\t\t\t\t\t\t\n\t\t\t\t\t\t\n\t\t\t\t\t<\/section>  \n\t\t\t\t\t<\/div>\n<\/div> \n<!-- \/ portfolio box-->\n<\/div>\n<div class=\"col col-sm-3   portfolio-16\">\n \n\n<!-- portfolio box-->\n<div class=\"loop style-1 hover-2  post-27252 portfolio type-portfolio status-publish has-post-thumbnail hentry portfolio_categories-industrial\" id=\"portfolio-27252\">\n\n\t<div class=\"portfolio-loop-item-wrapper\">\n\t\t \n\t\t\t\t\t<figure class=\"image-thumbnail\">\n\t\t\t\t\t\t<a href=\"https:\/\/www.mathezfreight.com\/en\/solutions\/freight\/industry\/\" target=\"_self\" title=\"Freight solutions for industry\"><img decoding=\"async\" src=\"https:\/\/www.mathezfreight.com\/wp-content\/uploads\/photo-industrie-envato-500x333.jpg\" alt=\"Transportation solutions for the industry\" class=\"\" width=\"500\" height=\"333\" \/><\/a>\n\t\t\t\t\t<\/figure>\n\n\t\t\t\t\t<section class=\"text\">\n\t\t\t\t\t\t\n\t\t\t\t\t\t<h5 class=\"title\"><a href=\"https:\/\/www.mathezfreight.com\/en\/solutions\/freight\/industry\/\" target=\"_self\" rel=\"bookmark\">Freight solutions for industry<\/a><\/h5>\n\t\t\t\t\t\t\n\t\t\t\t\t\t\n\t\t\t\t\t\t\n\t\t\t\t\t<\/section>  \n\t\t\t\t\t<\/div>\n<\/div> \n<!-- \/ portfolio box-->\n<\/div>\n<div class=\"col col-sm-3   portfolio-16 portfolio-17\">\n \n\n<!-- portfolio box-->\n<div class=\"loop style-1 hover-2  post-27293 portfolio type-portfolio status-publish has-post-thumbnail hentry portfolio_categories-industrial portfolio_categories-prestige\" id=\"portfolio-27293\">\n\n\t<div class=\"portfolio-loop-item-wrapper\">\n\t\t \n\t\t\t\t\t<figure class=\"image-thumbnail\">\n\t\t\t\t\t\t<a href=\"https:\/\/www.mathezfreight.com\/en\/solutions\/freight\/perfumes-cosmetics\/\" target=\"_self\" title=\"Shipping perfume, fragrances, flavours, and cosmetics\"><img decoding=\"async\" src=\"https:\/\/www.mathezfreight.com\/wp-content\/uploads\/photo-parfums-depositphotos-500x333.jpg\" alt=\"Shipping perfume, fragrances, flavours, and cosmetics\" class=\"\" width=\"500\" height=\"333\" \/><\/a>\n\t\t\t\t\t<\/figure>\n\n\t\t\t\t\t<section class=\"text\">\n\t\t\t\t\t\t\n\t\t\t\t\t\t<h5 class=\"title\"><a href=\"https:\/\/www.mathezfreight.com\/en\/solutions\/freight\/perfumes-cosmetics\/\" target=\"_self\" rel=\"bookmark\">Shipping perfume, fragrances, flavours, and cosmetics<\/a><\/h5>\n\t\t\t\t\t\t\n\t\t\t\t\t\t\n\t\t\t\t\t\t\n\t\t\t\t\t<\/section>  \n\t\t\t\t\t<\/div>\n<\/div> \n<!-- \/ portfolio box-->\n<\/div>\n<div class=\"col col-sm-3   portfolio-16\">\n \n\n<!-- portfolio box-->\n<div class=\"loop style-1 hover-2  post-27290 portfolio type-portfolio status-publish has-post-thumbnail hentry portfolio_categories-industrial\" id=\"portfolio-27290\">\n\n\t<div class=\"portfolio-loop-item-wrapper\">\n\t\t \n\t\t\t\t\t<figure class=\"image-thumbnail\">\n\t\t\t\t\t\t<a href=\"https:\/\/www.mathezfreight.com\/en\/solutions\/freight\/textile\/\" target=\"_self\" title=\"Import and Export of textile\"><img decoding=\"async\" src=\"https:\/\/www.mathezfreight.com\/wp-content\/uploads\/photo-textile-labiche-500x333.jpg\" alt=\"Import and Export Logistics for the Textile and Garment Industry\" class=\"\" width=\"500\" height=\"333\" \/><\/a>\n\t\t\t\t\t<\/figure>\n\n\t\t\t\t\t<section class=\"text\">\n\t\t\t\t\t\t\n\t\t\t\t\t\t<h5 class=\"title\"><a href=\"https:\/\/www.mathezfreight.com\/en\/solutions\/freight\/textile\/\" target=\"_self\" rel=\"bookmark\">Import and Export of textile<\/a><\/h5>\n\t\t\t\t\t\t\n\t\t\t\t\t\t\n\t\t\t\t\t\t\n\t\t\t\t\t<\/section>  \n\t\t\t\t\t<\/div>\n<\/div> \n<!-- \/ portfolio box-->\n<\/div>\n<\/div>\n<div class=\"row fixed_heights clearfix\">\n<div class=\"col col-sm-3   portfolio-16\">\n \n\n<!-- portfolio box-->\n<div class=\"loop style-1 hover-2  post-27951 portfolio type-portfolio status-publish has-post-thumbnail hentry portfolio_categories-industrial\" id=\"portfolio-27951\">\n\n\t<div class=\"portfolio-loop-item-wrapper\">\n\t\t \n\t\t\t\t\t<figure class=\"image-thumbnail\">\n\t\t\t\t\t\t<a href=\"https:\/\/www.mathezfreight.com\/en\/solutions\/freight\/e-commerce\/\" target=\"_self\" title=\"Logistics solutions for e-commerce\"><img decoding=\"async\" src=\"https:\/\/www.mathezfreight.com\/wp-content\/uploads\/photo-e-commerce-graphicstock-500x333.jpg\" alt=\"E-Commerce and logistics\" class=\"\" width=\"500\" height=\"333\" \/><\/a>\n\t\t\t\t\t<\/figure>\n\n\t\t\t\t\t<section class=\"text\">\n\t\t\t\t\t\t\n\t\t\t\t\t\t<h5 class=\"title\"><a href=\"https:\/\/www.mathezfreight.com\/en\/solutions\/freight\/e-commerce\/\" target=\"_self\" rel=\"bookmark\">Logistics solutions for e-commerce<\/a><\/h5>\n\t\t\t\t\t\t\n\t\t\t\t\t\t\n\t\t\t\t\t\t\n\t\t\t\t\t<\/section>  \n\t\t\t\t\t<\/div>\n<\/div> \n<!-- \/ portfolio box-->\n<\/div>\n<div class=\"col col-sm-3   portfolio-16\">\n \n\n<!-- portfolio box-->\n<div class=\"loop style-1 hover-2  post-27474 portfolio type-portfolio status-publish has-post-thumbnail hentry portfolio_categories-industrial\" id=\"portfolio-27474\">\n\n\t<div class=\"portfolio-loop-item-wrapper\">\n\t\t \n\t\t\t\t\t<figure class=\"image-thumbnail\">\n\t\t\t\t\t\t<a href=\"https:\/\/www.mathezfreight.com\/en\/solutions\/freight\/dental-industry\/\" target=\"_self\" title=\"Transport of dental prostheses\"><img decoding=\"async\" src=\"https:\/\/www.mathezfreight.com\/wp-content\/uploads\/photo-protheses-dentaires-depositphotos-500x333.jpg\" alt=\"Transportation for the dental sector\" class=\"\" width=\"500\" height=\"333\" \/><\/a>\n\t\t\t\t\t<\/figure>\n\n\t\t\t\t\t<section class=\"text\">\n\t\t\t\t\t\t\n\t\t\t\t\t\t<h5 class=\"title\"><a href=\"https:\/\/www.mathezfreight.com\/en\/solutions\/freight\/dental-industry\/\" target=\"_self\" rel=\"bookmark\">Transport of dental prostheses<\/a><\/h5>\n\t\t\t\t\t\t\n\t\t\t\t\t\t\n\t\t\t\t\t\t\n\t\t\t\t\t<\/section>  \n\t\t\t\t\t<\/div>\n<\/div> \n<!-- \/ portfolio box-->\n<\/div>\n<div class=\"col col-sm-3   portfolio-16 portfolio-19\">\n \n\n<!-- portfolio box-->\n<div class=\"loop style-1 hover-2 image post-27530 portfolio type-portfolio status-publish has-post-thumbnail hentry portfolio_categories-industrial portfolio_categories-marine\" id=\"portfolio-27530\">\n\n\t<div class=\"portfolio-loop-item-wrapper\">\n\t\t \n\t\t\t\t\t<figure class=\"image-thumbnail\">\n\t\t\t\t\t\t<a href=\"https:\/\/www.mathezfreight.com\/en\/solutions\/freight\/shipyards\/\" target=\"_self\" title=\"Shipyard logistics\"><img decoding=\"async\" src=\"https:\/\/www.mathezfreight.com\/wp-content\/uploads\/photo-chantiers-la-ciotat-mti-500x333.jpg\" alt=\"Shipyards, La Ciotat\" class=\"\" width=\"500\" height=\"333\" \/><\/a>\n\t\t\t\t\t<\/figure>\n\n\t\t\t\t\t<section class=\"text\">\n\t\t\t\t\t\t\n\t\t\t\t\t\t<h5 class=\"title\"><a href=\"https:\/\/www.mathezfreight.com\/en\/solutions\/freight\/shipyards\/\" target=\"_self\" rel=\"bookmark\">Shipyard logistics<\/a><\/h5>\n\t\t\t\t\t\t\n\t\t\t\t\t\t\n\t\t\t\t\t\t\n\t\t\t\t\t<\/section>  \n\t\t\t\t\t<\/div>\n<\/div> \n<!-- \/ portfolio box-->\n<\/div>\n<\/div>\n<\/div>\n\t\t\t\t<\/div>\n\t\t\t\t<\/div>\n\t\t\t\t\t<\/div>\n\t\t<\/div>\n\t\t\t\t\t<\/div>\n\t\t<\/section>\n\t\t\t\t<section class=\"elementor-section elementor-top-section elementor-element elementor-element-aa5cf16 elementor-reverse-mobile elementor-section-boxed elementor-section-height-default elementor-section-height-default default-style elementor-invisible\" data-id=\"aa5cf16\" data-element_type=\"section\" data-e-type=\"section\" id=\"mti-beau-gosse\" data-settings=\"{&quot;animation&quot;:&quot;fadeIn&quot;,&quot;rt_color_sets&quot;:&quot;default-style&quot;}\">\n\t\t\t\t\t\t<div class=\"elementor-container elementor-column-gap-default\">\n\t\t\t\t\t<div class=\"elementor-column elementor-col-66 elementor-top-column elementor-element elementor-element-9dc403f\" data-id=\"9dc403f\" data-element_type=\"column\" data-e-type=\"column\">\n\t\t\t<div class=\"elementor-widget-wrap elementor-element-populated\">\n\t\t\t\t\t\t<div class=\"elementor-element elementor-element-e3ba5fc elementor-widget elementor-widget-text-editor\" data-id=\"e3ba5fc\" data-element_type=\"widget\" data-e-type=\"widget\" data-widget_type=\"text-editor.default\">\n\t\t\t\t<div class=\"elementor-widget-container\">\n\t\t\t\t\t\t\t\t\t<blockquote><p>Our business is all about knowing yours. 50 years of experience and long term relations with all of our clients allow us to translate your business needs into customized shipping solutions.<\/p><\/blockquote><div id=\"mti-beau-gosse-signature\"><span class=\"blue\">Fr\u00e9d\u00e9ric Mercier<\/span>, MATHEZ FREIGHT<\/div>\t\t\t\t\t\t\t\t<\/div>\n\t\t\t\t<\/div>\n\t\t\t\t\t<\/div>\n\t\t<\/div>\n\t\t\t\t<div class=\"elementor-column elementor-col-33 elementor-top-column elementor-element elementor-element-529722a\" data-id=\"529722a\" data-element_type=\"column\" data-e-type=\"column\">\n\t\t\t<div class=\"elementor-widget-wrap elementor-element-populated\">\n\t\t\t\t\t\t<div class=\"elementor-element elementor-element-2666841 aligncenter elementor-widget elementor-widget-image\" data-id=\"2666841\" data-element_type=\"widget\" data-e-type=\"widget\" data-widget_type=\"image.default\">\n\t\t\t\t<div class=\"elementor-widget-container\">\n\t\t\t\t\t\t\t\t\t\t\t\t\t\t\t<img decoding=\"async\" width=\"250\" height=\"375\" src=\"https:\/\/www.mathezfreight.com\/wp-content\/uploads\/photo-frederic-mercier.png\" class=\"attachment-mti-medium-portrait size-mti-medium-portrait wp-image-15817\" alt=\"Frederic Mercier\" \/>\t\t\t\t\t\t\t\t\t\t\t\t\t\t\t<\/div>\n\t\t\t\t<\/div>\n\t\t\t\t\t<\/div>\n\t\t<\/div>\n\t\t\t\t\t<\/div>\n\t\t<\/section>\n\t\t\t\t<\/div>\n\t\t","protected":false},"excerpt":{"rendered":"<p>Whether it&#8217;s aeronautics, industry, textiles, cosmetics and perfumes, e-commerce, dental sector: your freight agent knows your business, and can advise you to optimize your international shipping.<\/p>\n","protected":false},"author":1,"featured_media":0,"parent":27362,"menu_order":61,"comment_status":"closed","ping_status":"closed","template":"page-mti-grey.php","meta":{"rs_blank_template":"","rs_page_bg_color":"","slide_template_v7":"","iawp_total_views":70,"footnotes":""},"class_list":["post-27266","page","type-page","status-publish","hentry"],"yoast_head":"<!-- This site is optimized with the Yoast SEO Premium plugin v27.5 (Yoast SEO v27.5) - https:\/\/yoast.com\/product\/yoast-seo-premium-wordpress\/ -->\n<title>Solutions for industry - MATHEZ FREIGHT<\/title>\n<meta name=\"description\" content=\"Whether it&#039;s aeronautics, industry, textiles, cosmetics and perfumes, e-commerce, dental sector: your freight agent knows your business, and can advise you to optimize your international shipping.\" \/>\n<meta name=\"robots\" content=\"index, follow, max-snippet:-1, max-image-preview:large, max-video-preview:-1\" \/>\n<link rel=\"canonical\" href=\"https:\/\/www.mathezfreight.com\/en\/solutions\/industries\/\" \/>\n<meta property=\"og:locale\" content=\"en_US\" \/>\n<meta property=\"og:type\" content=\"article\" \/>\n<meta property=\"og:title\" content=\"Solutions for industry\" \/>\n<meta property=\"og:description\" content=\"Whether it&#039;s aeronautics, industry, textiles, cosmetics and perfumes, e-commerce, dental sector: your freight agent knows your business, and can advise you to optimize your international shipping.\" \/>\n<meta property=\"og:url\" content=\"https:\/\/www.mathezfreight.com\/en\/solutions\/industries\/\" \/>\n<meta property=\"og:site_name\" content=\"MATHEZ FREIGHT\" \/>\n<meta property=\"article:publisher\" content=\"https:\/\/www.facebook.com\/MathezFreight\/\" \/>\n<meta property=\"article:modified_time\" content=\"2026-02-04T17:11:22+00:00\" \/>\n<meta property=\"og:image\" content=\"https:\/\/www.mathezfreight.com\/wp-content\/uploads\/photo-aerospace-roue-depositphoto-500x333.jpg\" \/>\n<meta name=\"twitter:card\" content=\"summary_large_image\" \/>\n<meta name=\"twitter:site\" content=\"@MathezFreight\" \/>\n<script type=\"application\/ld+json\" class=\"yoast-schema-graph\">{\"@context\":\"https:\\\/\\\/schema.org\",\"@graph\":[{\"@type\":\"WebPage\",\"@id\":\"https:\\\/\\\/www.mathezfreight.com\\\/en\\\/solutions\\\/industries\\\/\",\"url\":\"https:\\\/\\\/www.mathezfreight.com\\\/en\\\/solutions\\\/industries\\\/\",\"name\":\"Solutions for industry - MATHEZ FREIGHT\",\"isPartOf\":{\"@id\":\"https:\\\/\\\/www.mathezfreight.com\\\/en\\\/#website\"},\"primaryImageOfPage\":{\"@id\":\"https:\\\/\\\/www.mathezfreight.com\\\/en\\\/solutions\\\/industries\\\/#primaryimage\"},\"image\":{\"@id\":\"https:\\\/\\\/www.mathezfreight.com\\\/en\\\/solutions\\\/industries\\\/#primaryimage\"},\"thumbnailUrl\":\"https:\\\/\\\/www.mathezfreight.com\\\/wp-content\\\/uploads\\\/photo-aerospace-roue-depositphoto-500x333.jpg\",\"datePublished\":\"2018-07-16T14:48:22+00:00\",\"dateModified\":\"2026-02-04T17:11:22+00:00\",\"description\":\"Whether it's aeronautics, industry, textiles, cosmetics and perfumes, e-commerce, dental sector: your freight agent knows your business, and can advise you to optimize your international shipping.\",\"breadcrumb\":{\"@id\":\"https:\\\/\\\/www.mathezfreight.com\\\/en\\\/solutions\\\/industries\\\/#breadcrumb\"},\"inLanguage\":\"en-US\",\"potentialAction\":[{\"@type\":\"ReadAction\",\"target\":[\"https:\\\/\\\/www.mathezfreight.com\\\/en\\\/solutions\\\/industries\\\/\"]}]},{\"@type\":\"ImageObject\",\"inLanguage\":\"en-US\",\"@id\":\"https:\\\/\\\/www.mathezfreight.com\\\/en\\\/solutions\\\/industries\\\/#primaryimage\",\"url\":\"https:\\\/\\\/www.mathezfreight.com\\\/wp-content\\\/uploads\\\/photo-aerospace-roue-depositphoto-500x333.jpg\",\"contentUrl\":\"https:\\\/\\\/www.mathezfreight.com\\\/wp-content\\\/uploads\\\/photo-aerospace-roue-depositphoto-500x333.jpg\"},{\"@type\":\"BreadcrumbList\",\"@id\":\"https:\\\/\\\/www.mathezfreight.com\\\/en\\\/solutions\\\/industries\\\/#breadcrumb\",\"itemListElement\":[{\"@type\":\"ListItem\",\"position\":1,\"name\":\"Home\",\"item\":\"https:\\\/\\\/www.mathezfreight.com\\\/en\\\/home\\\/\"},{\"@type\":\"ListItem\",\"position\":2,\"name\":\"Transport &amp; logistics solutions\",\"item\":\"https:\\\/\\\/www.mathezfreight.com\\\/en\\\/solutions\\\/\"},{\"@type\":\"ListItem\",\"position\":3,\"name\":\"Solutions for industry\"}]},{\"@type\":\"WebSite\",\"@id\":\"https:\\\/\\\/www.mathezfreight.com\\\/en\\\/#website\",\"url\":\"https:\\\/\\\/www.mathezfreight.com\\\/en\\\/\",\"name\":\"MATHEZ FREIGHT\",\"description\":\"Solutions transport sur mesure, suivies, efficaces\",\"publisher\":{\"@id\":\"https:\\\/\\\/www.mathezfreight.com\\\/en\\\/#organization\"},\"alternateName\":\"MATHEZ TRANSPORTS INTERNATIONAUX\",\"potentialAction\":[{\"@type\":\"SearchAction\",\"target\":{\"@type\":\"EntryPoint\",\"urlTemplate\":\"https:\\\/\\\/www.mathezfreight.com\\\/en\\\/?s={search_term_string}\"},\"query-input\":{\"@type\":\"PropertyValueSpecification\",\"valueRequired\":true,\"valueName\":\"search_term_string\"}}],\"inLanguage\":\"en-US\"},{\"@type\":\"Organization\",\"@id\":\"https:\\\/\\\/www.mathezfreight.com\\\/en\\\/#organization\",\"name\":\"MATHEZ FREIGHT\",\"alternateName\":\"MATHEZ TRANSPORTS INTERNATIONAUX\",\"url\":\"https:\\\/\\\/www.mathezfreight.com\\\/en\\\/\",\"logo\":{\"@type\":\"ImageObject\",\"inLanguage\":\"en-US\",\"@id\":\"https:\\\/\\\/www.mathezfreight.com\\\/en\\\/#\\\/schema\\\/logo\\\/image\\\/\",\"url\":\"https:\\\/\\\/www.mathezfreight.com\\\/wp-content\\\/uploads\\\/logo-mathez-freight-400pxw.png\",\"contentUrl\":\"https:\\\/\\\/www.mathezfreight.com\\\/wp-content\\\/uploads\\\/logo-mathez-freight-400pxw.png\",\"width\":400,\"height\":136,\"caption\":\"MATHEZ FREIGHT\"},\"image\":{\"@id\":\"https:\\\/\\\/www.mathezfreight.com\\\/en\\\/#\\\/schema\\\/logo\\\/image\\\/\"},\"sameAs\":[\"https:\\\/\\\/www.facebook.com\\\/MathezFreight\\\/\",\"https:\\\/\\\/x.com\\\/MathezFreight\",\"https:\\\/\\\/www.linkedin.com\\\/company\\\/mathezfreight\\\/\"],\"description\":\"Transitaire fran\u00e7ais, organisateur de transport international: fret a\u00e9rien, fret maritime, commissionnaire en douane agr\u00e9\u00e9 OEA-Full. 17 agences en France sur tous les principaux ports et a\u00e9roports.\",\"email\":\"web@mathezfreight.com\",\"telephone\":\"+33.497257825\",\"legalName\":\"MATHEZ TRANSPORTS INTERNATIONAUX\",\"foundingDate\":\"1950-01-01\",\"numberOfEmployees\":{\"@type\":\"QuantitativeValue\",\"minValue\":\"51\",\"maxValue\":\"200\"}}]}<\/script>\n<!-- \/ Yoast SEO Premium plugin. -->","yoast_head_json":{"title":"Solutions for industry - MATHEZ FREIGHT","description":"Whether it's aeronautics, industry, textiles, cosmetics and perfumes, e-commerce, dental sector: your freight agent knows your business, and can advise you to optimize your international shipping.","robots":{"index":"index","follow":"follow","max-snippet":"max-snippet:-1","max-image-preview":"max-image-preview:large","max-video-preview":"max-video-preview:-1"},"canonical":"https:\/\/www.mathezfreight.com\/en\/solutions\/industries\/","og_locale":"en_US","og_type":"article","og_title":"Solutions for industry","og_description":"Whether it's aeronautics, industry, textiles, cosmetics and perfumes, e-commerce, dental sector: your freight agent knows your business, and can advise you to optimize your international shipping.","og_url":"https:\/\/www.mathezfreight.com\/en\/solutions\/industries\/","og_site_name":"MATHEZ FREIGHT","article_publisher":"https:\/\/www.facebook.com\/MathezFreight\/","article_modified_time":"2026-02-04T17:11:22+00:00","og_image":[{"url":"https:\/\/www.mathezfreight.com\/wp-content\/uploads\/photo-aerospace-roue-depositphoto-500x333.jpg","type":"","width":"","height":""}],"twitter_card":"summary_large_image","twitter_site":"@MathezFreight","schema":{"@context":"https:\/\/schema.org","@graph":[{"@type":"WebPage","@id":"https:\/\/www.mathezfreight.com\/en\/solutions\/industries\/","url":"https:\/\/www.mathezfreight.com\/en\/solutions\/industries\/","name":"Solutions for industry - MATHEZ FREIGHT","isPartOf":{"@id":"https:\/\/www.mathezfreight.com\/en\/#website"},"primaryImageOfPage":{"@id":"https:\/\/www.mathezfreight.com\/en\/solutions\/industries\/#primaryimage"},"image":{"@id":"https:\/\/www.mathezfreight.com\/en\/solutions\/industries\/#primaryimage"},"thumbnailUrl":"https:\/\/www.mathezfreight.com\/wp-content\/uploads\/photo-aerospace-roue-depositphoto-500x333.jpg","datePublished":"2018-07-16T14:48:22+00:00","dateModified":"2026-02-04T17:11:22+00:00","description":"Whether it's aeronautics, industry, textiles, cosmetics and perfumes, e-commerce, dental sector: your freight agent knows your business, and can advise you to optimize your international shipping.","breadcrumb":{"@id":"https:\/\/www.mathezfreight.com\/en\/solutions\/industries\/#breadcrumb"},"inLanguage":"en-US","potentialAction":[{"@type":"ReadAction","target":["https:\/\/www.mathezfreight.com\/en\/solutions\/industries\/"]}]},{"@type":"ImageObject","inLanguage":"en-US","@id":"https:\/\/www.mathezfreight.com\/en\/solutions\/industries\/#primaryimage","url":"https:\/\/www.mathezfreight.com\/wp-content\/uploads\/photo-aerospace-roue-depositphoto-500x333.jpg","contentUrl":"https:\/\/www.mathezfreight.com\/wp-content\/uploads\/photo-aerospace-roue-depositphoto-500x333.jpg"},{"@type":"BreadcrumbList","@id":"https:\/\/www.mathezfreight.com\/en\/solutions\/industries\/#breadcrumb","itemListElement":[{"@type":"ListItem","position":1,"name":"Home","item":"https:\/\/www.mathezfreight.com\/en\/home\/"},{"@type":"ListItem","position":2,"name":"Transport &amp; logistics solutions","item":"https:\/\/www.mathezfreight.com\/en\/solutions\/"},{"@type":"ListItem","position":3,"name":"Solutions for industry"}]},{"@type":"WebSite","@id":"https:\/\/www.mathezfreight.com\/en\/#website","url":"https:\/\/www.mathezfreight.com\/en\/","name":"MATHEZ FREIGHT","description":"Solutions transport sur mesure, suivies, efficaces","publisher":{"@id":"https:\/\/www.mathezfreight.com\/en\/#organization"},"alternateName":"MATHEZ TRANSPORTS INTERNATIONAUX","potentialAction":[{"@type":"SearchAction","target":{"@type":"EntryPoint","urlTemplate":"https:\/\/www.mathezfreight.com\/en\/?s={search_term_string}"},"query-input":{"@type":"PropertyValueSpecification","valueRequired":true,"valueName":"search_term_string"}}],"inLanguage":"en-US"},{"@type":"Organization","@id":"https:\/\/www.mathezfreight.com\/en\/#organization","name":"MATHEZ FREIGHT","alternateName":"MATHEZ TRANSPORTS INTERNATIONAUX","url":"https:\/\/www.mathezfreight.com\/en\/","logo":{"@type":"ImageObject","inLanguage":"en-US","@id":"https:\/\/www.mathezfreight.com\/en\/#\/schema\/logo\/image\/","url":"https:\/\/www.mathezfreight.com\/wp-content\/uploads\/logo-mathez-freight-400pxw.png","contentUrl":"https:\/\/www.mathezfreight.com\/wp-content\/uploads\/logo-mathez-freight-400pxw.png","width":400,"height":136,"caption":"MATHEZ FREIGHT"},"image":{"@id":"https:\/\/www.mathezfreight.com\/en\/#\/schema\/logo\/image\/"},"sameAs":["https:\/\/www.facebook.com\/MathezFreight\/","https:\/\/x.com\/MathezFreight","https:\/\/www.linkedin.com\/company\/mathezfreight\/"],"description":"Transitaire fran\u00e7ais, organisateur de transport international: fret a\u00e9rien, fret maritime, commissionnaire en douane agr\u00e9\u00e9 OEA-Full. 17 agences en France sur tous les principaux ports et a\u00e9roports.","email":"web@mathezfreight.com","telephone":"+33.497257825","legalName":"MATHEZ TRANSPORTS INTERNATIONAUX","foundingDate":"1950-01-01","numberOfEmployees":{"@type":"QuantitativeValue","minValue":"51","maxValue":"200"}}]}},"_links":{"self":[{"href":"https:\/\/www.mathezfreight.com\/en\/wp-json\/wp\/v2\/pages\/27266","targetHints":{"allow":["GET"]}}],"collection":[{"href":"https:\/\/www.mathezfreight.com\/en\/wp-json\/wp\/v2\/pages"}],"about":[{"href":"https:\/\/www.mathezfreight.com\/en\/wp-json\/wp\/v2\/types\/page"}],"author":[{"embeddable":true,"href":"https:\/\/www.mathezfreight.com\/en\/wp-json\/wp\/v2\/users\/1"}],"replies":[{"embeddable":true,"href":"https:\/\/www.mathezfreight.com\/en\/wp-json\/wp\/v2\/comments?post=27266"}],"version-history":[{"count":2,"href":"https:\/\/www.mathezfreight.com\/en\/wp-json\/wp\/v2\/pages\/27266\/revisions"}],"predecessor-version":[{"id":66075,"href":"https:\/\/www.mathezfreight.com\/en\/wp-json\/wp\/v2\/pages\/27266\/revisions\/66075"}],"up":[{"embeddable":true,"href":"https:\/\/www.mathezfreight.com\/en\/wp-json\/wp\/v2\/pages\/27362"}],"wp:attachment":[{"href":"https:\/\/www.mathezfreight.com\/en\/wp-json\/wp\/v2\/media?parent=27266"}],"curies":[{"name":"wp","href":"https:\/\/api.w.org\/{rel}","templated":true}]}}